{"id":10040,"date":"2024-11-15T19:04:34","date_gmt":"2024-11-15T19:04:34","guid":{"rendered":"https:\/\/www.tuvendes.com.ar\/demo\/producto\/mochila-nomade\/"},"modified":"2026-05-06T22:07:49","modified_gmt":"2026-05-06T22:07:49","slug":"mochila-nomade","status":"publish","type":"product","link":"https:\/\/www.tuvendes.com.ar\/demo\/producto\/mochila-nomade\/","title":{"rendered":"Mochila Nomade"},"content":{"rendered":"<p>Mochila fabricada con material 600DPU en el exterior, y con un bolsillo vertical con cierre en la parte superior y un bolsillo horizontal en la parte inferior. El respaldo est\u00e1 confeccionado con 210D y espuma PE para mayor comodidad. Ideal para quienes buscan una mochila pr\u00e1ctica y resistente, con m\u00faltiples compartimentos para organizar pertenencias de manera eficiente. <\/p>\n<p>Medidas: 42 x 28 x 15 cm.<br \/>\nCapacidad: 14.6 lts.<\/p>\n<p>Tahg.<\/p>\n","protected":false},"excerpt":{"rendered":"<p>Mochila fabricada con material 600DPU en el exterior, y con un bolsillo vertical con cierre en la parte superior y<\/p>\n","protected":false},"featured_media":45111,"template":"","meta":[],"product_brand":[1891],"product_cat":[1757,1763],"product_tag":[],"class_list":{"0":"post-10040","1":"product","2":"type-product","3":"status-publish","4":"has-post-thumbnail","6":"product_brand-tahg","7":"product_cat-bolsos-y-mochilas","8":"product_cat-mundial-2026","9":"pa_variant-azul-marino-azul-marino","10":"pa_variant-gris-claro-gris-claro","11":"pa_variant-marron-marron","13":"first","14":"instock","15":"shipping-taxable","16":"purchasable","17":"product-type-variable"},"_links":{"self":[{"href":"https:\/\/www.tuvendes.com.ar\/demo\/wp-json\/wp\/v2\/product\/10040","targetHints":{"allow":["GET"]}}],"collection":[{"href":"https:\/\/www.tuvendes.com.ar\/demo\/wp-json\/wp\/v2\/product"}],"about":[{"href":"https:\/\/www.tuvendes.com.ar\/demo\/wp-json\/wp\/v2\/types\/product"}],"wp:featuredmedia":[{"embeddable":true,"href":"https:\/\/www.tuvendes.com.ar\/demo\/wp-json\/wp\/v2\/media\/45111"}],"wp:attachment":[{"href":"https:\/\/www.tuvendes.com.ar\/demo\/wp-json\/wp\/v2\/media?parent=10040"}],"wp:term":[{"taxonomy":"product_brand","embeddable":true,"href":"https:\/\/www.tuvendes.com.ar\/demo\/wp-json\/wp\/v2\/product_brand?post=10040"},{"taxonomy":"product_cat","embeddable":true,"href":"https:\/\/www.tuvendes.com.ar\/demo\/wp-json\/wp\/v2\/product_cat?post=10040"},{"taxonomy":"product_tag","embeddable":true,"href":"https:\/\/www.tuvendes.com.ar\/demo\/wp-json\/wp\/v2\/product_tag?post=10040"}],"curies":[{"name":"wp","href":"https:\/\/api.w.org\/{rel}","templated":true}]}}