{"id":11405,"date":"2024-11-19T13:54:37","date_gmt":"2024-11-19T13:54:37","guid":{"rendered":"https:\/\/www.tuvendes.com.ar\/demo\/producto\/delantal-master\/"},"modified":"2026-04-16T13:26:58","modified_gmt":"2026-04-16T13:26:58","slug":"delantal-master","status":"publish","type":"product","link":"https:\/\/www.tuvendes.com.ar\/demo\/producto\/delantal-master\/","title":{"rendered":"Delantal Master"},"content":{"rendered":"<p>El delantal de Pampa Spirit est\u00e1 confeccionado en tela 50% polyester, 50% algod\u00f3n. Incluye un bolsillo grande principal y un bolsillo peque\u00f1o. Cuenta con dos tiras regulables para atar en la cintura.<br \/>\nDimensiones: 80 cm de alto y 70 cm de ancho.<br \/>\nPampa Spirit.<\/p>\n","protected":false},"excerpt":{"rendered":"<p>El delantal de Pampa Spirit est\u00e1 confeccionado en tela 50% polyester, 50% algod\u00f3n. Incluye un bolsillo grande principal y un<\/p>\n","protected":false},"featured_media":42070,"template":"","meta":[],"product_brand":[1890],"product_cat":[1748],"product_tag":[],"class_list":{"0":"post-11405","1":"product","2":"type-product","3":"status-publish","4":"has-post-thumbnail","6":"product_brand-pampa-spirit","7":"product_cat-hogar-y-tiempo-libre","8":"pa_variant-negro-algodon-poliest","10":"first","11":"instock","12":"shipping-taxable","13":"purchasable","14":"product-type-variable"},"_links":{"self":[{"href":"https:\/\/www.tuvendes.com.ar\/demo\/wp-json\/wp\/v2\/product\/11405","targetHints":{"allow":["GET"]}}],"collection":[{"href":"https:\/\/www.tuvendes.com.ar\/demo\/wp-json\/wp\/v2\/product"}],"about":[{"href":"https:\/\/www.tuvendes.com.ar\/demo\/wp-json\/wp\/v2\/types\/product"}],"wp:featuredmedia":[{"embeddable":true,"href":"https:\/\/www.tuvendes.com.ar\/demo\/wp-json\/wp\/v2\/media\/42070"}],"wp:attachment":[{"href":"https:\/\/www.tuvendes.com.ar\/demo\/wp-json\/wp\/v2\/media?parent=11405"}],"wp:term":[{"taxonomy":"product_brand","embeddable":true,"href":"https:\/\/www.tuvendes.com.ar\/demo\/wp-json\/wp\/v2\/product_brand?post=11405"},{"taxonomy":"product_cat","embeddable":true,"href":"https:\/\/www.tuvendes.com.ar\/demo\/wp-json\/wp\/v2\/product_cat?post=11405"},{"taxonomy":"product_tag","embeddable":true,"href":"https:\/\/www.tuvendes.com.ar\/demo\/wp-json\/wp\/v2\/product_tag?post=11405"}],"curies":[{"name":"wp","href":"https:\/\/api.w.org\/{rel}","templated":true}]}}