{"id":121,"date":"2024-11-12T19:40:58","date_gmt":"2024-11-12T19:40:58","guid":{"rendered":"https:\/\/www.tuvendes.com.ar\/demo\/producto\/bolsa-de-friselina\/"},"modified":"2025-08-28T12:02:35","modified_gmt":"2025-08-28T12:02:35","slug":"bolsa-de-friselina","status":"publish","type":"product","link":"https:\/\/www.tuvendes.com.ar\/demo\/producto\/bolsa-de-friselina\/","title":{"rendered":"Bolsa de Friselina"},"content":{"rendered":"<p style=\"text-align: left\">Bolsas de Friselina, <strong>econ\u00f3micas y reutilizables<\/strong>, ideales para quienes buscan practicidad. Con medidas de 40&#215;30 y 45&#215;40, \u00e9stas bolsas ofrecen la combinaci\u00f3n perfecta de espacio y comodidad, siendo ideales para transportar art\u00edculos diarios, productos de marketing, o para utilizar en eventos y ferias<\/p>\n<p>Se imprime en ambos lados hasta un \u00e1rea de 20 cm x 10 cm.<\/p>\n<p>Adicional impresi\u00f3n \u00e1rea 34&#215;24 cm (centrado) adicional $1.646,70+iva<\/p>\n<p>&nbsp;<\/p>\n","protected":false},"excerpt":{"rendered":"<p>Esta bolsa de <strong>Friselina es una opci\u00f3n ligera y pr\u00e1ctica<\/strong> para tus necesidades diarias. <em>Fabricada con tela no tejida de alta resistencia<\/em>, es ideal para quienes buscan una alternativa reutilizable y econ\u00f3mica. Su material de Friselina la hace perfecta para transportar todo tipo de objetos, desde documentos y libros hasta productos de supermercado.<\/p>\n<p><strong>Disponibles en dos tama\u00f1os<\/strong>: 40&#215;30 y 45&#215;40<\/p>\n<p>Se imprime en ambos lados hasta un \u00e1rea de 20 cm x 10 cm.<\/p>\n<p>Adicional impresi\u00f3n \u00e1rea 34&#215;24 cm (centrado) adicional $1.646,70+iva<\/p>\n","protected":false},"featured_media":126,"template":"","meta":[],"product_brand":[],"product_cat":[124],"product_tag":[],"class_list":{"0":"post-121","1":"product","2":"type-product","3":"status-publish","4":"has-post-thumbnail","6":"product_cat-elementi","7":"pa_custom-impresion-full-color","9":"first","10":"instock","11":"shipping-taxable","12":"purchasable","13":"product-type-variable"},"_links":{"self":[{"href":"https:\/\/www.tuvendes.com.ar\/demo\/wp-json\/wp\/v2\/product\/121","targetHints":{"allow":["GET"]}}],"collection":[{"href":"https:\/\/www.tuvendes.com.ar\/demo\/wp-json\/wp\/v2\/product"}],"about":[{"href":"https:\/\/www.tuvendes.com.ar\/demo\/wp-json\/wp\/v2\/types\/product"}],"wp:featuredmedia":[{"embeddable":true,"href":"https:\/\/www.tuvendes.com.ar\/demo\/wp-json\/wp\/v2\/media\/126"}],"wp:attachment":[{"href":"https:\/\/www.tuvendes.com.ar\/demo\/wp-json\/wp\/v2\/media?parent=121"}],"wp:term":[{"taxonomy":"product_brand","embeddable":true,"href":"https:\/\/www.tuvendes.com.ar\/demo\/wp-json\/wp\/v2\/product_brand?post=121"},{"taxonomy":"product_cat","embeddable":true,"href":"https:\/\/www.tuvendes.com.ar\/demo\/wp-json\/wp\/v2\/product_cat?post=121"},{"taxonomy":"product_tag","embeddable":true,"href":"https:\/\/www.tuvendes.com.ar\/demo\/wp-json\/wp\/v2\/product_tag?post=121"}],"curies":[{"name":"wp","href":"https:\/\/api.w.org\/{rel}","templated":true}]}}