{"id":1228,"date":"2024-11-12T19:46:43","date_gmt":"2024-11-12T19:46:43","guid":{"rendered":"https:\/\/www.tuvendes.com.ar\/demo\/producto\/boligrafo-jade-color\/"},"modified":"2025-08-27T12:07:01","modified_gmt":"2025-08-27T12:07:01","slug":"boligrafo-jade-color","status":"publish","type":"product","link":"https:\/\/www.tuvendes.com.ar\/demo\/producto\/boligrafo-jade-color\/","title":{"rendered":"Bol\u00edgrafo Jade Color"},"content":{"rendered":"<p>El Bol\u00edgrafo Jade Color es pl\u00e1stico de alta gama. El bot\u00f3n y la puntera son metalizados en color plateado. El cuerpo es de pl\u00e1stico transl\u00facido. El grip de estos bol\u00edgrafos es de pl\u00e1stico color, efecto frost. El clip es de metal plateado. Se imprime por proceso tampogr\u00e1fico o impresi\u00f3n full color con tintas UV y tiene tanque de tinta tipo \u201cParker\u201d color negro.<\/p>\n<p><strong>ELEMENTI en Acci\u00f3n<\/strong><\/p><\/p>\n","protected":false},"excerpt":{"rendered":"<p>El Bol\u00edgrafo Jade Color es pl\u00e1stico de alta gama. El bot\u00f3n y la puntera son metalizados en color plateado. El cuerpo es de pl\u00e1stico transl\u00facido. El grip de estos bol\u00edgrafos es de pl\u00e1stico color, efecto frost. El clip es de metal plateado. Se imprime por proceso tampogr\u00e1fico o impresi\u00f3n full color con tintas UV y tiene tanque de tinta tipo \u201cParker\u201d.<\/p>\n","protected":false},"featured_media":1232,"template":"","meta":[],"product_brand":[],"product_cat":[124],"product_tag":[],"class_list":{"0":"post-1228","1":"product","2":"type-product","3":"status-publish","4":"has-post-thumbnail","6":"product_cat-elementi","7":"pa_custom-impresion-full-color","8":"pa_custom-sin-personalizacion","10":"first","11":"instock","12":"shipping-taxable","13":"purchasable","14":"product-type-variable"},"_links":{"self":[{"href":"https:\/\/www.tuvendes.com.ar\/demo\/wp-json\/wp\/v2\/product\/1228","targetHints":{"allow":["GET"]}}],"collection":[{"href":"https:\/\/www.tuvendes.com.ar\/demo\/wp-json\/wp\/v2\/product"}],"about":[{"href":"https:\/\/www.tuvendes.com.ar\/demo\/wp-json\/wp\/v2\/types\/product"}],"wp:featuredmedia":[{"embeddable":true,"href":"https:\/\/www.tuvendes.com.ar\/demo\/wp-json\/wp\/v2\/media\/1232"}],"wp:attachment":[{"href":"https:\/\/www.tuvendes.com.ar\/demo\/wp-json\/wp\/v2\/media?parent=1228"}],"wp:term":[{"taxonomy":"product_brand","embeddable":true,"href":"https:\/\/www.tuvendes.com.ar\/demo\/wp-json\/wp\/v2\/product_brand?post=1228"},{"taxonomy":"product_cat","embeddable":true,"href":"https:\/\/www.tuvendes.com.ar\/demo\/wp-json\/wp\/v2\/product_cat?post=1228"},{"taxonomy":"product_tag","embeddable":true,"href":"https:\/\/www.tuvendes.com.ar\/demo\/wp-json\/wp\/v2\/product_tag?post=1228"}],"curies":[{"name":"wp","href":"https:\/\/api.w.org\/{rel}","templated":true}]}}