{"id":123,"date":"2024-11-12T19:40:58","date_gmt":"2024-11-12T19:40:58","guid":{"rendered":"https:\/\/www.tuvendes.com.ar\/demo\/producto\/bolsa-ecologica-rpet\/"},"modified":"2025-08-21T20:44:51","modified_gmt":"2025-08-21T20:44:51","slug":"bolsa-ecologica-rpet","status":"publish","type":"product","link":"https:\/\/www.tuvendes.com.ar\/demo\/producto\/bolsa-ecologica-rpet\/","title":{"rendered":"Bolsa Ecol\u00f3gica RPET"},"content":{"rendered":"<p>Nuestras Bolsas Ecol\u00f3gicas impresas de ambos lados con impresi\u00f3n standard HD son importadas y est\u00e1n confeccionadas con material pl\u00e1stico 100% reciclado (RPET) y reciclable muy resistente. Pueden imprimirse a todo color con gran definici\u00f3n y resultan el complemento ideal para regalar en eventos corporativos, conferencias, ferias o en el punto de venta.<br \/>\nEl tama\u00f1o vertical es de 30cm de base x 40 cm de alto, con fuelle de 10 cm. Tira 50 cm.<\/p>\n<p>El tama\u00f1o de impresi\u00f3n standard de borde a borde es de un \u00e1rea de 15x20cms.<\/p>\n<p>Adicional impresi\u00f3n \u00e1rea 34&#215;24 cm (centrado) adicional $716,80+iva<\/p>\n<p>Material: RPET (PET reciclado)<\/p>\n<p><strong>ELEMENTI en Acci\u00f3n<\/strong><\/p><\/p>\n","protected":false},"excerpt":{"rendered":"<p>Nuestras Bolsas Ecol\u00f3gicas impresas de ambos lados con impresi\u00f3n standard HD son importadas y est\u00e1n confeccionadas con material pl\u00e1stico 100% reciclado (RPET) y reciclable muy resistente. Pueden imprimirse a todo color con gran definici\u00f3n y resultan el complemento ideal para regalar en eventos corporativos, conferencias, ferias o en el punto de venta.<\/p>\n<p>Material: RPET (PET reciclado)<\/p>\n","protected":false},"featured_media":127,"template":"","meta":[],"product_brand":[],"product_cat":[124],"product_tag":[],"class_list":{"0":"post-123","1":"product","2":"type-product","3":"status-publish","4":"has-post-thumbnail","6":"product_cat-elementi","8":"first","9":"instock","10":"shipping-taxable","11":"purchasable","12":"product-type-variable"},"_links":{"self":[{"href":"https:\/\/www.tuvendes.com.ar\/demo\/wp-json\/wp\/v2\/product\/123","targetHints":{"allow":["GET"]}}],"collection":[{"href":"https:\/\/www.tuvendes.com.ar\/demo\/wp-json\/wp\/v2\/product"}],"about":[{"href":"https:\/\/www.tuvendes.com.ar\/demo\/wp-json\/wp\/v2\/types\/product"}],"wp:featuredmedia":[{"embeddable":true,"href":"https:\/\/www.tuvendes.com.ar\/demo\/wp-json\/wp\/v2\/media\/127"}],"wp:attachment":[{"href":"https:\/\/www.tuvendes.com.ar\/demo\/wp-json\/wp\/v2\/media?parent=123"}],"wp:term":[{"taxonomy":"product_brand","embeddable":true,"href":"https:\/\/www.tuvendes.com.ar\/demo\/wp-json\/wp\/v2\/product_brand?post=123"},{"taxonomy":"product_cat","embeddable":true,"href":"https:\/\/www.tuvendes.com.ar\/demo\/wp-json\/wp\/v2\/product_cat?post=123"},{"taxonomy":"product_tag","embeddable":true,"href":"https:\/\/www.tuvendes.com.ar\/demo\/wp-json\/wp\/v2\/product_tag?post=123"}],"curies":[{"name":"wp","href":"https:\/\/api.w.org\/{rel}","templated":true}]}}