{"id":13589,"date":"2025-01-20T22:48:58","date_gmt":"2025-01-20T22:48:58","guid":{"rendered":"https:\/\/www.tuvendes.com.ar\/demo\/producto\/paraguas-automatico\/"},"modified":"2026-05-06T21:05:19","modified_gmt":"2026-05-06T21:05:19","slug":"paraguas-automatico","status":"publish","type":"product","link":"https:\/\/www.tuvendes.com.ar\/demo\/producto\/paraguas-automatico\/","title":{"rendered":"Paraguas autom\u00e1tico"},"content":{"rendered":"<p>Paraguas autom\u00e1tico de poli\u00e9ster 190T. Puntera y mango curvo de madera. 8 Gajos.<\/p>\n","protected":false},"excerpt":{"rendered":"<p>Paraguas autom\u00e1tico de poli\u00e9ster 190T. Puntera y mango curvo de madera. 8 Gajos.<\/p>\n","protected":false},"featured_media":13592,"template":"","meta":[],"product_brand":[],"product_cat":[1771,1853],"product_tag":[],"class_list":{"0":"post-13589","1":"product","2":"type-product","3":"status-publish","4":"has-post-thumbnail","6":"product_cat-paraguas","7":"product_cat-street","9":"first","10":"instock","11":"shipping-taxable","12":"purchasable","13":"product-type-variable"},"_links":{"self":[{"href":"https:\/\/www.tuvendes.com.ar\/demo\/wp-json\/wp\/v2\/product\/13589","targetHints":{"allow":["GET"]}}],"collection":[{"href":"https:\/\/www.tuvendes.com.ar\/demo\/wp-json\/wp\/v2\/product"}],"about":[{"href":"https:\/\/www.tuvendes.com.ar\/demo\/wp-json\/wp\/v2\/types\/product"}],"wp:featuredmedia":[{"embeddable":true,"href":"https:\/\/www.tuvendes.com.ar\/demo\/wp-json\/wp\/v2\/media\/13592"}],"wp:attachment":[{"href":"https:\/\/www.tuvendes.com.ar\/demo\/wp-json\/wp\/v2\/media?parent=13589"}],"wp:term":[{"taxonomy":"product_brand","embeddable":true,"href":"https:\/\/www.tuvendes.com.ar\/demo\/wp-json\/wp\/v2\/product_brand?post=13589"},{"taxonomy":"product_cat","embeddable":true,"href":"https:\/\/www.tuvendes.com.ar\/demo\/wp-json\/wp\/v2\/product_cat?post=13589"},{"taxonomy":"product_tag","embeddable":true,"href":"https:\/\/www.tuvendes.com.ar\/demo\/wp-json\/wp\/v2\/product_tag?post=13589"}],"curies":[{"name":"wp","href":"https:\/\/api.w.org\/{rel}","templated":true}]}}