{"id":13820,"date":"2025-01-20T22:50:17","date_gmt":"2025-01-20T22:50:17","guid":{"rendered":"https:\/\/www.tuvendes.com.ar\/demo\/producto\/sacapuntas\/"},"modified":"2026-04-17T20:11:56","modified_gmt":"2026-04-17T20:11:56","slug":"sacapuntas","status":"publish","type":"product","link":"https:\/\/www.tuvendes.com.ar\/demo\/producto\/sacapuntas\/","title":{"rendered":"Goma de borrar con sacapuntas"},"content":{"rendered":"<p>Incluye goma de borrar.Datos log\u00edsticos:Art\u00edculo (o unidad m\u00ednima de venta)Tipo de Pack: Nada | Peso Bruto: 14 gr | Largo: 3,5 cm | Ancho: 1,5 cm | Alto: 6 cmPack IntermedioTipo de Pack: Caja | Un\/PI: 36 | Peso Bruto: 574 gr | Largo: 16 cm | Ancho: 12,5 cm | Alto: 9,5 cm | Volumen: 1900 cm3Caja MasterUn\/CM: 864 | Peso bruto: 12,5 kg | Largo: 51,4 cm | Ancho: 33,7 cm | Alto: 30,5 cm | Volumen: 52,83149 lt<\/p>\n","protected":false},"excerpt":{"rendered":"<p>Incluye goma de borrar.Datos log\u00edsticos:Art\u00edculo (o unidad m\u00ednima de venta)Tipo de Pack: Nada | Peso Bruto: 14 gr | Largo:<\/p>\n","protected":false},"featured_media":13829,"template":"","meta":[],"product_brand":[],"product_cat":[1829],"product_tag":[],"class_list":{"0":"post-13820","1":"product","2":"type-product","3":"status-publish","4":"has-post-thumbnail","6":"product_cat-escolares","8":"first","9":"instock","10":"shipping-taxable","11":"purchasable","12":"product-type-variable"},"_links":{"self":[{"href":"https:\/\/www.tuvendes.com.ar\/demo\/wp-json\/wp\/v2\/product\/13820","targetHints":{"allow":["GET"]}}],"collection":[{"href":"https:\/\/www.tuvendes.com.ar\/demo\/wp-json\/wp\/v2\/product"}],"about":[{"href":"https:\/\/www.tuvendes.com.ar\/demo\/wp-json\/wp\/v2\/types\/product"}],"wp:featuredmedia":[{"embeddable":true,"href":"https:\/\/www.tuvendes.com.ar\/demo\/wp-json\/wp\/v2\/media\/13829"}],"wp:attachment":[{"href":"https:\/\/www.tuvendes.com.ar\/demo\/wp-json\/wp\/v2\/media?parent=13820"}],"wp:term":[{"taxonomy":"product_brand","embeddable":true,"href":"https:\/\/www.tuvendes.com.ar\/demo\/wp-json\/wp\/v2\/product_brand?post=13820"},{"taxonomy":"product_cat","embeddable":true,"href":"https:\/\/www.tuvendes.com.ar\/demo\/wp-json\/wp\/v2\/product_cat?post=13820"},{"taxonomy":"product_tag","embeddable":true,"href":"https:\/\/www.tuvendes.com.ar\/demo\/wp-json\/wp\/v2\/product_tag?post=13820"}],"curies":[{"name":"wp","href":"https:\/\/api.w.org\/{rel}","templated":true}]}}