{"id":13881,"date":"2025-01-20T22:50:37","date_gmt":"2025-01-20T22:50:37","guid":{"rendered":"https:\/\/www.tuvendes.com.ar\/demo\/producto\/paraguas-compact-automatico-rpet\/"},"modified":"2026-05-06T21:04:48","modified_gmt":"2026-05-06T21:04:48","slug":"paraguas-compact-automatico-rpet","status":"publish","type":"product","link":"https:\/\/www.tuvendes.com.ar\/demo\/producto\/paraguas-compact-automatico-rpet\/","title":{"rendered":"Paraguas Compact Autom\u00e1tico rPet"},"content":{"rendered":"<p>Paraguas con tela impermeable 100% confeccionada con rPET (pl\u00e1stico reciclado), con varillas de fibra de vidrio y mango de madera con el\u00e1stico para colgar. Se pliega en 3 secciones y es resistente al viento. Cuenta con apertura y cierre autom\u00e1tico. Trae funda a color con etiqueta \u00abrPet\u00bb.<br \/>\nDatos log\u00edsticos:Caja MasterUn\/CM: 30 | Peso bruto: 11,63 kg | Largo: 30 cm | Ancho: 26 cm | Alto: 32 cm | Volumen: 24,96 lt<\/p>\n","protected":false},"excerpt":{"rendered":"<p>Paraguas con tela impermeable 100% confeccionada con rPET (pl\u00e1stico reciclado), con varillas de fibra de vidrio y mango de madera<\/p>\n","protected":false},"featured_media":13885,"template":"","meta":[],"product_brand":[],"product_cat":[1841,1771,1857],"product_tag":[],"class_list":{"0":"post-13881","1":"product","2":"type-product","3":"status-publish","4":"has-post-thumbnail","6":"product_cat-ecologicos","7":"product_cat-paraguas","8":"product_cat-pocket","10":"first","11":"instock","12":"shipping-taxable","13":"purchasable","14":"product-type-variable"},"_links":{"self":[{"href":"https:\/\/www.tuvendes.com.ar\/demo\/wp-json\/wp\/v2\/product\/13881","targetHints":{"allow":["GET"]}}],"collection":[{"href":"https:\/\/www.tuvendes.com.ar\/demo\/wp-json\/wp\/v2\/product"}],"about":[{"href":"https:\/\/www.tuvendes.com.ar\/demo\/wp-json\/wp\/v2\/types\/product"}],"wp:featuredmedia":[{"embeddable":true,"href":"https:\/\/www.tuvendes.com.ar\/demo\/wp-json\/wp\/v2\/media\/13885"}],"wp:attachment":[{"href":"https:\/\/www.tuvendes.com.ar\/demo\/wp-json\/wp\/v2\/media?parent=13881"}],"wp:term":[{"taxonomy":"product_brand","embeddable":true,"href":"https:\/\/www.tuvendes.com.ar\/demo\/wp-json\/wp\/v2\/product_brand?post=13881"},{"taxonomy":"product_cat","embeddable":true,"href":"https:\/\/www.tuvendes.com.ar\/demo\/wp-json\/wp\/v2\/product_cat?post=13881"},{"taxonomy":"product_tag","embeddable":true,"href":"https:\/\/www.tuvendes.com.ar\/demo\/wp-json\/wp\/v2\/product_tag?post=13881"}],"curies":[{"name":"wp","href":"https:\/\/api.w.org\/{rel}","templated":true}]}}