{"id":14242,"date":"2025-01-20T22:52:49","date_gmt":"2025-01-20T22:52:49","guid":{"rendered":"https:\/\/www.tuvendes.com.ar\/demo\/producto\/auricular-flight-pro\/"},"modified":"2026-04-29T21:22:50","modified_gmt":"2026-04-29T21:22:50","slug":"auricular-flight-pro","status":"publish","type":"product","link":"https:\/\/www.tuvendes.com.ar\/demo\/producto\/auricular-flight-pro\/","title":{"rendered":"Auricular Flight Pro"},"content":{"rendered":"<p>Auriculares de 120 cm con micr\u00f3fono incorporado. Cuenta con conexi\u00f3n est\u00e9reo de 3,5mm. Incluye 2 pares adicionales de adaptadores de silicona para los o\u00eddos (dos tama\u00f1os diferentes). Se suministra en caja de PS y ABS. Medidas: 7 x 7 x 1,8 cm<\/p>\n","protected":false},"excerpt":{"rendered":"<p>Auriculares de 120 cm con micr\u00f3fono incorporado. Cuenta con conexi\u00f3n est\u00e9reo de 3,5mm. Incluye 2 pares adicionales de adaptadores de<\/p>\n","protected":false},"featured_media":14246,"template":"","meta":[],"product_brand":[],"product_cat":[1848,1847,1756],"product_tag":[],"class_list":{"0":"post-14242","1":"product","2":"type-product","3":"status-publish","4":"has-post-thumbnail","6":"product_cat-audio-video","7":"product_cat-mobile","8":"product_cat-tecnologia","10":"first","11":"instock","12":"shipping-taxable","13":"purchasable","14":"product-type-variable"},"_links":{"self":[{"href":"https:\/\/www.tuvendes.com.ar\/demo\/wp-json\/wp\/v2\/product\/14242","targetHints":{"allow":["GET"]}}],"collection":[{"href":"https:\/\/www.tuvendes.com.ar\/demo\/wp-json\/wp\/v2\/product"}],"about":[{"href":"https:\/\/www.tuvendes.com.ar\/demo\/wp-json\/wp\/v2\/types\/product"}],"wp:featuredmedia":[{"embeddable":true,"href":"https:\/\/www.tuvendes.com.ar\/demo\/wp-json\/wp\/v2\/media\/14246"}],"wp:attachment":[{"href":"https:\/\/www.tuvendes.com.ar\/demo\/wp-json\/wp\/v2\/media?parent=14242"}],"wp:term":[{"taxonomy":"product_brand","embeddable":true,"href":"https:\/\/www.tuvendes.com.ar\/demo\/wp-json\/wp\/v2\/product_brand?post=14242"},{"taxonomy":"product_cat","embeddable":true,"href":"https:\/\/www.tuvendes.com.ar\/demo\/wp-json\/wp\/v2\/product_cat?post=14242"},{"taxonomy":"product_tag","embeddable":true,"href":"https:\/\/www.tuvendes.com.ar\/demo\/wp-json\/wp\/v2\/product_tag?post=14242"}],"curies":[{"name":"wp","href":"https:\/\/api.w.org\/{rel}","templated":true}]}}