{"id":14552,"date":"2025-01-20T22:54:50","date_gmt":"2025-01-20T22:54:50","guid":{"rendered":"https:\/\/www.tuvendes.com.ar\/demo\/producto\/repuesto-boligrafo-parker-punta-fina\/"},"modified":"2026-04-20T19:14:03","modified_gmt":"2026-04-20T19:14:03","slug":"repuesto-boligrafo-parker-punta-fina","status":"publish","type":"product","link":"https:\/\/www.tuvendes.com.ar\/demo\/producto\/repuesto-boligrafo-parker-punta-fina\/","title":{"rendered":"Repuesto Bol\u00edgrafo Parker Punta Fina"},"content":{"rendered":"<p>Repuesto Cartucho Bol\u00edgrafo Parker punta finaTinta Parker Quinkflow color negro, para bol\u00edgrafo punta fina.Apto para l\u00edneas Jotter, IM y Urban.<\/p>\n","protected":false},"excerpt":{"rendered":"<p>Repuesto Cartucho Bol\u00edgrafo Parker punta finaTinta Parker Quinkflow color negro, para bol\u00edgrafo punta fina.Apto para l\u00edneas Jotter, IM y Urban.<\/p>\n","protected":false},"featured_media":14556,"template":"","meta":[],"product_brand":[1884],"product_cat":[1761,1845],"product_tag":[],"class_list":{"0":"post-14552","1":"product","2":"type-product","3":"status-publish","4":"has-post-thumbnail","6":"product_brand-parker","7":"product_cat-escritura","8":"product_cat-tintas-y-repuestos","10":"first","11":"instock","12":"shipping-taxable","13":"purchasable","14":"product-type-variable"},"_links":{"self":[{"href":"https:\/\/www.tuvendes.com.ar\/demo\/wp-json\/wp\/v2\/product\/14552","targetHints":{"allow":["GET"]}}],"collection":[{"href":"https:\/\/www.tuvendes.com.ar\/demo\/wp-json\/wp\/v2\/product"}],"about":[{"href":"https:\/\/www.tuvendes.com.ar\/demo\/wp-json\/wp\/v2\/types\/product"}],"wp:featuredmedia":[{"embeddable":true,"href":"https:\/\/www.tuvendes.com.ar\/demo\/wp-json\/wp\/v2\/media\/14556"}],"wp:attachment":[{"href":"https:\/\/www.tuvendes.com.ar\/demo\/wp-json\/wp\/v2\/media?parent=14552"}],"wp:term":[{"taxonomy":"product_brand","embeddable":true,"href":"https:\/\/www.tuvendes.com.ar\/demo\/wp-json\/wp\/v2\/product_brand?post=14552"},{"taxonomy":"product_cat","embeddable":true,"href":"https:\/\/www.tuvendes.com.ar\/demo\/wp-json\/wp\/v2\/product_cat?post=14552"},{"taxonomy":"product_tag","embeddable":true,"href":"https:\/\/www.tuvendes.com.ar\/demo\/wp-json\/wp\/v2\/product_tag?post=14552"}],"curies":[{"name":"wp","href":"https:\/\/api.w.org\/{rel}","templated":true}]}}