{"id":14687,"date":"2025-01-20T22:55:48","date_gmt":"2025-01-20T22:55:48","guid":{"rendered":"https:\/\/www.tuvendes.com.ar\/demo\/producto\/botella-training-1100ml\/"},"modified":"2026-04-17T20:12:21","modified_gmt":"2026-04-17T20:12:21","slug":"botella-training-1100ml","status":"publish","type":"product","link":"https:\/\/www.tuvendes.com.ar\/demo\/producto\/botella-training-1100ml\/","title":{"rendered":"Botella Training 1100ml"},"content":{"rendered":"<p>Botella pl\u00e1stica reutilizable BPA free. Contiene pico rebatible que al tener cerrado imposibilita la salida de l\u00edquidos, y al abrirlo permite tomar f\u00e1cilmente mientras se realizan actividades deportivas. Tambi\u00e9n la tapa lleva agarre para f\u00e1cil traslado. Este producto contribuye al medio ambiente con la reducci\u00f3n de residuos, d\u00e1ndole m\u00faltiples usos a un producto que es com\u00fanmente desechado. <\/p>\n<p>Capacidad: 1100 ml |<br \/>\nMedidas: \u00f8 9 x 24 cm |<br \/>\n\u00c1rea de decoraci\u00f3n: 18 cm |<br \/>\nTecnolog\u00eda de decoraci\u00f3n: Serigraf\u00eda rotativa |<br \/>\nMateriales principales: Pl\u00e1stico<\/p>\n","protected":false},"excerpt":{"rendered":"<p>Botella pl\u00e1stica reutilizable BPA free. Contiene pico rebatible que al tener cerrado imposibilita la salida de l\u00edquidos, y al abrirlo<\/p>\n","protected":false},"featured_media":14690,"template":"","meta":[],"product_brand":[],"product_cat":[1752,1570],"product_tag":[],"class_list":{"0":"post-14687","1":"product","2":"type-product","3":"status-publish","4":"has-post-thumbnail","6":"product_cat-drinkware","7":"product_cat-botellas","8":"pa_custom-kit","10":"first","11":"instock","12":"shipping-taxable","13":"purchasable","14":"product-type-variable"},"_links":{"self":[{"href":"https:\/\/www.tuvendes.com.ar\/demo\/wp-json\/wp\/v2\/product\/14687","targetHints":{"allow":["GET"]}}],"collection":[{"href":"https:\/\/www.tuvendes.com.ar\/demo\/wp-json\/wp\/v2\/product"}],"about":[{"href":"https:\/\/www.tuvendes.com.ar\/demo\/wp-json\/wp\/v2\/types\/product"}],"wp:featuredmedia":[{"embeddable":true,"href":"https:\/\/www.tuvendes.com.ar\/demo\/wp-json\/wp\/v2\/media\/14690"}],"wp:attachment":[{"href":"https:\/\/www.tuvendes.com.ar\/demo\/wp-json\/wp\/v2\/media?parent=14687"}],"wp:term":[{"taxonomy":"product_brand","embeddable":true,"href":"https:\/\/www.tuvendes.com.ar\/demo\/wp-json\/wp\/v2\/product_brand?post=14687"},{"taxonomy":"product_cat","embeddable":true,"href":"https:\/\/www.tuvendes.com.ar\/demo\/wp-json\/wp\/v2\/product_cat?post=14687"},{"taxonomy":"product_tag","embeddable":true,"href":"https:\/\/www.tuvendes.com.ar\/demo\/wp-json\/wp\/v2\/product_tag?post=14687"}],"curies":[{"name":"wp","href":"https:\/\/api.w.org\/{rel}","templated":true}]}}