{"id":14784,"date":"2025-01-20T22:56:25","date_gmt":"2025-01-20T22:56:25","guid":{"rendered":"https:\/\/www.tuvendes.com.ar\/demo\/producto\/colors-pencil\/"},"modified":"2026-04-17T20:10:10","modified_gmt":"2026-04-17T20:10:10","slug":"colors-pencil","status":"publish","type":"product","link":"https:\/\/www.tuvendes.com.ar\/demo\/producto\/colors-pencil\/","title":{"rendered":"Colors Pencil"},"content":{"rendered":"<p>L\u00e1piz grafito con punta, goma incorporada, cuerpo de madera y f\u00e9rula met\u00e1lica. Cuenta con una mina de 2\u202fmm y est\u00e1 fabricado en madera. Graduaci\u00f3n HB.<\/p>\n","protected":false},"excerpt":{"rendered":"<p>L\u00e1piz grafito con punta, goma incorporada, cuerpo de madera y f\u00e9rula met\u00e1lica. Cuenta con una mina de 2\u202fmm y est\u00e1<\/p>\n","protected":false},"featured_media":14788,"template":"","meta":[],"product_brand":[],"product_cat":[1829,1761,1852],"product_tag":[],"class_list":{"0":"post-14784","1":"product","2":"type-product","3":"status-publish","4":"has-post-thumbnail","6":"product_cat-escolares","7":"product_cat-escritura","8":"product_cat-lapices-grafito","10":"first","11":"instock","12":"shipping-taxable","13":"purchasable","14":"product-type-variable"},"_links":{"self":[{"href":"https:\/\/www.tuvendes.com.ar\/demo\/wp-json\/wp\/v2\/product\/14784","targetHints":{"allow":["GET"]}}],"collection":[{"href":"https:\/\/www.tuvendes.com.ar\/demo\/wp-json\/wp\/v2\/product"}],"about":[{"href":"https:\/\/www.tuvendes.com.ar\/demo\/wp-json\/wp\/v2\/types\/product"}],"wp:featuredmedia":[{"embeddable":true,"href":"https:\/\/www.tuvendes.com.ar\/demo\/wp-json\/wp\/v2\/media\/14788"}],"wp:attachment":[{"href":"https:\/\/www.tuvendes.com.ar\/demo\/wp-json\/wp\/v2\/media?parent=14784"}],"wp:term":[{"taxonomy":"product_brand","embeddable":true,"href":"https:\/\/www.tuvendes.com.ar\/demo\/wp-json\/wp\/v2\/product_brand?post=14784"},{"taxonomy":"product_cat","embeddable":true,"href":"https:\/\/www.tuvendes.com.ar\/demo\/wp-json\/wp\/v2\/product_cat?post=14784"},{"taxonomy":"product_tag","embeddable":true,"href":"https:\/\/www.tuvendes.com.ar\/demo\/wp-json\/wp\/v2\/product_tag?post=14784"}],"curies":[{"name":"wp","href":"https:\/\/api.w.org\/{rel}","templated":true}]}}