{"id":15012,"date":"2025-01-20T22:57:44","date_gmt":"2025-01-20T22:57:44","guid":{"rendered":"https:\/\/www.tuvendes.com.ar\/demo\/producto\/paraguas-compact\/"},"modified":"2026-05-06T21:05:16","modified_gmt":"2026-05-06T21:05:16","slug":"paraguas-compact","status":"publish","type":"product","link":"https:\/\/www.tuvendes.com.ar\/demo\/producto\/paraguas-compact\/","title":{"rendered":"Paraguas Compact"},"content":{"rendered":"<p>Dise\u00f1o y tama\u00f1o ideal para transportar, posee correa para colgar, mango de plastico de color. Incluye funda mismo color. De 8 gajos de estructura en 3 partes met\u00e1lica, bot\u00f3n de bloqueo, apertura manual. Poli\u00e9ster 190T<\/p>\n","protected":false},"excerpt":{"rendered":"<p>Dise\u00f1o y tama\u00f1o ideal para transportar, posee correa para colgar, mango de plastico de color. Incluye funda mismo color. De<\/p>\n","protected":false},"featured_media":15039,"template":"","meta":[],"product_brand":[],"product_cat":[1771,1857],"product_tag":[],"class_list":{"0":"post-15012","1":"product","2":"type-product","3":"status-publish","4":"has-post-thumbnail","6":"product_cat-paraguas","7":"product_cat-pocket","9":"first","10":"instock","11":"shipping-taxable","12":"purchasable","13":"product-type-variable"},"_links":{"self":[{"href":"https:\/\/www.tuvendes.com.ar\/demo\/wp-json\/wp\/v2\/product\/15012","targetHints":{"allow":["GET"]}}],"collection":[{"href":"https:\/\/www.tuvendes.com.ar\/demo\/wp-json\/wp\/v2\/product"}],"about":[{"href":"https:\/\/www.tuvendes.com.ar\/demo\/wp-json\/wp\/v2\/types\/product"}],"wp:featuredmedia":[{"embeddable":true,"href":"https:\/\/www.tuvendes.com.ar\/demo\/wp-json\/wp\/v2\/media\/15039"}],"wp:attachment":[{"href":"https:\/\/www.tuvendes.com.ar\/demo\/wp-json\/wp\/v2\/media?parent=15012"}],"wp:term":[{"taxonomy":"product_brand","embeddable":true,"href":"https:\/\/www.tuvendes.com.ar\/demo\/wp-json\/wp\/v2\/product_brand?post=15012"},{"taxonomy":"product_cat","embeddable":true,"href":"https:\/\/www.tuvendes.com.ar\/demo\/wp-json\/wp\/v2\/product_cat?post=15012"},{"taxonomy":"product_tag","embeddable":true,"href":"https:\/\/www.tuvendes.com.ar\/demo\/wp-json\/wp\/v2\/product_tag?post=15012"}],"curies":[{"name":"wp","href":"https:\/\/api.w.org\/{rel}","templated":true}]}}