{"id":1562,"date":"2024-11-12T19:48:42","date_gmt":"2024-11-12T19:48:42","guid":{"rendered":"https:\/\/www.tuvendes.com.ar\/demo\/producto\/lapices-ecologicos-naturales\/"},"modified":"2025-08-28T12:03:44","modified_gmt":"2025-08-28T12:03:44","slug":"lapices-ecologicos-naturales","status":"publish","type":"product","link":"https:\/\/www.tuvendes.com.ar\/demo\/producto\/lapices-ecologicos-naturales\/","title":{"rendered":"L\u00e1pices Ecol\u00f3gicos Naturales"},"content":{"rendered":"<p>L\u00e1pices Ecol\u00f3gicos \/ Naturales Impresos con Logo o Sin Impresi\u00f3n.<\/p>\n<p>L\u00e1piz redondo con cuerpo de madera reforestada color natural y mina B negra resistente, para un trazo firme y suave. Poseen una terminaci\u00f3n con laca brillante para un agarre m\u00e1s confortable. Se imprimen full color (hasta 2000 unidades) y a 1 solo color (a partir de las 2000 unidades) y de un solo lado.<\/p>\n<p>Largo del L\u00e1piz: 17 cm<\/p>\n<p>\u00c1rea M\u00e1xima de impresi\u00f3n: 60 mm. de largo x 5 mm. de alto.<\/p>\n<p>L\u00e1piz Ecol\u00f3gico Plantable: pod\u00e9s utilizar este l\u00e1piz para agregarle tu c\u00e1psula biodegradable con semillas. L\u00e1pices plantables.<\/p>\n","protected":false},"excerpt":{"rendered":"<p>L\u00e1pices Ecol\u00f3gicos \/ Naturales Impresos con Logo o Sin Impresi\u00f3n. L\u00e1piz redondo con cuerpo de madera reforestada color natural y mina B negra resistente, para un trazo firme y suave. Poseen una terminaci\u00f3n con laca brillante para un agarre m\u00e1s confortable. Se imprimen full color (hasta 2000 unidades) y a 1 solo color (a partir de las 2000 unidades) y de un solo lado.<\/p>\n<p>L\u00e1piz Ecol\u00f3gico Plantable: pod\u00e9s utilizar este l\u00e1piz para agregarle tu c\u00e1psula biodegradable con semillas.<\/p>\n","protected":false},"featured_media":1565,"template":"","meta":[],"product_brand":[],"product_cat":[124],"product_tag":[],"class_list":{"0":"post-1562","1":"product","2":"type-product","3":"status-publish","4":"has-post-thumbnail","6":"product_cat-elementi","7":"pa_custom-impresion-full-color","8":"pa_custom-sin-personalizacion","10":"first","11":"instock","12":"shipping-taxable","13":"purchasable","14":"product-type-variable"},"_links":{"self":[{"href":"https:\/\/www.tuvendes.com.ar\/demo\/wp-json\/wp\/v2\/product\/1562","targetHints":{"allow":["GET"]}}],"collection":[{"href":"https:\/\/www.tuvendes.com.ar\/demo\/wp-json\/wp\/v2\/product"}],"about":[{"href":"https:\/\/www.tuvendes.com.ar\/demo\/wp-json\/wp\/v2\/types\/product"}],"wp:featuredmedia":[{"embeddable":true,"href":"https:\/\/www.tuvendes.com.ar\/demo\/wp-json\/wp\/v2\/media\/1565"}],"wp:attachment":[{"href":"https:\/\/www.tuvendes.com.ar\/demo\/wp-json\/wp\/v2\/media?parent=1562"}],"wp:term":[{"taxonomy":"product_brand","embeddable":true,"href":"https:\/\/www.tuvendes.com.ar\/demo\/wp-json\/wp\/v2\/product_brand?post=1562"},{"taxonomy":"product_cat","embeddable":true,"href":"https:\/\/www.tuvendes.com.ar\/demo\/wp-json\/wp\/v2\/product_cat?post=1562"},{"taxonomy":"product_tag","embeddable":true,"href":"https:\/\/www.tuvendes.com.ar\/demo\/wp-json\/wp\/v2\/product_tag?post=1562"}],"curies":[{"name":"wp","href":"https:\/\/api.w.org\/{rel}","templated":true}]}}