{"id":15656,"date":"2025-01-20T23:02:01","date_gmt":"2025-01-20T23:02:01","guid":{"rendered":"https:\/\/www.tuvendes.com.ar\/demo\/producto\/set-de-vino-para-botella\/"},"modified":"2026-04-17T20:10:50","modified_gmt":"2026-04-17T20:10:50","slug":"set-de-vino-para-botella","status":"publish","type":"product","link":"https:\/\/www.tuvendes.com.ar\/demo\/producto\/set-de-vino-para-botella\/","title":{"rendered":"Set de vino para botella"},"content":{"rendered":"<p>Set de vino que contiene 4 piezas, fabricadas en madera y metal. Incluye sacacorchos con navaja sommelier, gargantilla recoge gotas, un dosificador y tap\u00f3n. Se suministra en una caja ecol\u00f3gica de regalo de bamb\u00fa y zinc.<\/p>\n","protected":false},"excerpt":{"rendered":"<p>Set de vino que contiene 4 piezas, fabricadas en madera y metal. Incluye sacacorchos con navaja sommelier, gargantilla recoge gotas,<\/p>\n","protected":false},"featured_media":15659,"template":"","meta":[],"product_brand":[],"product_cat":[1841,1833,1839,1840],"product_tag":[],"class_list":{"0":"post-15656","1":"product","2":"type-product","3":"status-publish","4":"has-post-thumbnail","6":"product_cat-ecologicos","7":"product_cat-hogar-tiempo-libre","8":"product_cat-parrilla","9":"product_cat-vinos-picadas","11":"first","12":"outofstock","13":"shipping-taxable","14":"purchasable","15":"product-type-variable"},"_links":{"self":[{"href":"https:\/\/www.tuvendes.com.ar\/demo\/wp-json\/wp\/v2\/product\/15656","targetHints":{"allow":["GET"]}}],"collection":[{"href":"https:\/\/www.tuvendes.com.ar\/demo\/wp-json\/wp\/v2\/product"}],"about":[{"href":"https:\/\/www.tuvendes.com.ar\/demo\/wp-json\/wp\/v2\/types\/product"}],"wp:featuredmedia":[{"embeddable":true,"href":"https:\/\/www.tuvendes.com.ar\/demo\/wp-json\/wp\/v2\/media\/15659"}],"wp:attachment":[{"href":"https:\/\/www.tuvendes.com.ar\/demo\/wp-json\/wp\/v2\/media?parent=15656"}],"wp:term":[{"taxonomy":"product_brand","embeddable":true,"href":"https:\/\/www.tuvendes.com.ar\/demo\/wp-json\/wp\/v2\/product_brand?post=15656"},{"taxonomy":"product_cat","embeddable":true,"href":"https:\/\/www.tuvendes.com.ar\/demo\/wp-json\/wp\/v2\/product_cat?post=15656"},{"taxonomy":"product_tag","embeddable":true,"href":"https:\/\/www.tuvendes.com.ar\/demo\/wp-json\/wp\/v2\/product_tag?post=15656"}],"curies":[{"name":"wp","href":"https:\/\/api.w.org\/{rel}","templated":true}]}}