{"id":16249,"date":"2025-01-20T23:05:32","date_gmt":"2025-01-20T23:05:32","guid":{"rendered":"https:\/\/www.tuvendes.com.ar\/demo\/producto\/boligrafo-rings-aluminium\/"},"modified":"2026-04-17T21:02:41","modified_gmt":"2026-04-17T21:02:41","slug":"boligrafo-rings-aluminium","status":"publish","type":"product","link":"https:\/\/www.tuvendes.com.ar\/demo\/producto\/boligrafo-rings-aluminium\/","title":{"rendered":"Bol\u00edgrafo Rings Aluminium"},"content":{"rendered":"<p>Bol\u00edgrafo fabricado en aluminio, con clip y retr\u00e1ctil metalizados. Disponible en una amplia gama de colores.<br \/>\nTinta azul.*El color naranja puede lucir m\u00e1s opaco que en las fotos. Validar con foto reales.<\/p>\n","protected":false},"excerpt":{"rendered":"<p>Bol\u00edgrafo fabricado en aluminio, con clip y retr\u00e1ctil metalizados. Disponible en una amplia gama de colores. Tinta azul.*El color naranja<\/p>\n","protected":false},"featured_media":16256,"template":"","meta":[],"product_brand":[],"product_cat":[1843,1761],"product_tag":[],"class_list":{"0":"post-16249","1":"product","2":"type-product","3":"status-publish","4":"has-post-thumbnail","6":"product_cat-boligrafos-metalicos","7":"product_cat-escritura","9":"first","10":"instock","11":"shipping-taxable","12":"purchasable","13":"product-type-variable"},"_links":{"self":[{"href":"https:\/\/www.tuvendes.com.ar\/demo\/wp-json\/wp\/v2\/product\/16249","targetHints":{"allow":["GET"]}}],"collection":[{"href":"https:\/\/www.tuvendes.com.ar\/demo\/wp-json\/wp\/v2\/product"}],"about":[{"href":"https:\/\/www.tuvendes.com.ar\/demo\/wp-json\/wp\/v2\/types\/product"}],"wp:featuredmedia":[{"embeddable":true,"href":"https:\/\/www.tuvendes.com.ar\/demo\/wp-json\/wp\/v2\/media\/16256"}],"wp:attachment":[{"href":"https:\/\/www.tuvendes.com.ar\/demo\/wp-json\/wp\/v2\/media?parent=16249"}],"wp:term":[{"taxonomy":"product_brand","embeddable":true,"href":"https:\/\/www.tuvendes.com.ar\/demo\/wp-json\/wp\/v2\/product_brand?post=16249"},{"taxonomy":"product_cat","embeddable":true,"href":"https:\/\/www.tuvendes.com.ar\/demo\/wp-json\/wp\/v2\/product_cat?post=16249"},{"taxonomy":"product_tag","embeddable":true,"href":"https:\/\/www.tuvendes.com.ar\/demo\/wp-json\/wp\/v2\/product_tag?post=16249"}],"curies":[{"name":"wp","href":"https:\/\/api.w.org\/{rel}","templated":true}]}}