{"id":16433,"date":"2025-01-20T23:06:32","date_gmt":"2025-01-20T23:06:32","guid":{"rendered":"https:\/\/www.tuvendes.com.ar\/demo\/producto\/pluma-waterman-hemisphere\/"},"modified":"2026-04-20T19:14:51","modified_gmt":"2026-04-20T19:14:51","slug":"pluma-waterman-hemisphere","status":"publish","type":"product","link":"https:\/\/www.tuvendes.com.ar\/demo\/producto\/pluma-waterman-hemisphere\/","title":{"rendered":"Pluma Waterman Hemisphere"},"content":{"rendered":"<p>Capuch\u00f3n y cuerpo: Laqueado Mate Adornos: Acabado en oro Plum\u00edn: Enchapada en oro fino . H\u00c9MISPH\u00c8RE es la elegante y sofisticada pluma estilizada ideal para todos los d\u00edas y todas las ocasiones. Atemporales y contempor\u00e1neos, los acabados de H\u00c9MISPH\u00c8RE Essential van m\u00e1s all\u00e1 de la modernidad y el refinamiento. (G92861 &#8211; S0920630)<\/p>\n","protected":false},"excerpt":{"rendered":"<p>Capuch\u00f3n y cuerpo: Laqueado Mate Adornos: Acabado en oro Plum\u00edn: Enchapada en oro fino . H\u00c9MISPH\u00c8RE es la elegante y<\/p>\n","protected":false},"featured_media":16443,"template":"","meta":[],"product_brand":[1893],"product_cat":[1761,1827],"product_tag":[],"class_list":{"0":"post-16433","1":"product","2":"type-product","3":"status-publish","4":"has-post-thumbnail","6":"product_brand-waterman","7":"product_cat-escritura","8":"product_cat-escritura-fina","10":"first","11":"instock","12":"shipping-taxable","13":"purchasable","14":"product-type-variable"},"_links":{"self":[{"href":"https:\/\/www.tuvendes.com.ar\/demo\/wp-json\/wp\/v2\/product\/16433","targetHints":{"allow":["GET"]}}],"collection":[{"href":"https:\/\/www.tuvendes.com.ar\/demo\/wp-json\/wp\/v2\/product"}],"about":[{"href":"https:\/\/www.tuvendes.com.ar\/demo\/wp-json\/wp\/v2\/types\/product"}],"wp:featuredmedia":[{"embeddable":true,"href":"https:\/\/www.tuvendes.com.ar\/demo\/wp-json\/wp\/v2\/media\/16443"}],"wp:attachment":[{"href":"https:\/\/www.tuvendes.com.ar\/demo\/wp-json\/wp\/v2\/media?parent=16433"}],"wp:term":[{"taxonomy":"product_brand","embeddable":true,"href":"https:\/\/www.tuvendes.com.ar\/demo\/wp-json\/wp\/v2\/product_brand?post=16433"},{"taxonomy":"product_cat","embeddable":true,"href":"https:\/\/www.tuvendes.com.ar\/demo\/wp-json\/wp\/v2\/product_cat?post=16433"},{"taxonomy":"product_tag","embeddable":true,"href":"https:\/\/www.tuvendes.com.ar\/demo\/wp-json\/wp\/v2\/product_tag?post=16433"}],"curies":[{"name":"wp","href":"https:\/\/api.w.org\/{rel}","templated":true}]}}