{"id":16626,"date":"2025-01-20T23:07:35","date_gmt":"2025-01-20T23:07:35","guid":{"rendered":"https:\/\/www.tuvendes.com.ar\/demo\/producto\/licuadora-oster-xpert-series\/"},"modified":"2026-04-20T19:14:14","modified_gmt":"2026-04-20T19:14:14","slug":"licuadora-oster-xpert-series","status":"publish","type":"product","link":"https:\/\/www.tuvendes.com.ar\/demo\/producto\/licuadora-oster-xpert-series\/","title":{"rendered":"Licuadora Oster Xpert Series"},"content":{"rendered":"<p>Con control de textura para personalizar la consistencia de espesa a l\u00edquida. Funciona de forma autom\u00e1tica, gracias a sus 3 programas que garantizan una velocidad y un tiempo de operaci\u00f3n preciso, para ofrecer resultados perfectos en mezclas densas con ingredientes duros. O tambi\u00e9n se puede seleccionar entre las tres velocidades manuales, para licuar mezclas m\u00e1s ligeras y sencillas.<br \/>\nLa potencia del motor, la eficiente cuchilla, el acople totalmente met\u00e1lico, los programas autom\u00e1ticos y la resistente jarra de Tritan hacen que la tarea de la licuadora sea una experiencia \u00fanica y satisfactoria.<br \/>\nJarra de Trit\u00e1n con capacidad de 2 litros (8 tazas), resistente al fr\u00edo y al calor, ralladuras, olores, manchas y libre de qu\u00edmicos t\u00f3xicos (BPA, bisfenol-A)<br \/>\nCuchilla dos veces m\u00e1s grande* capaz de pulverizar los ingredientes en segundos<br \/>\nExclusiva tecnolog\u00eda reversible que permite que las cuchillas giren en ambas direcciones procesando completamente todos los alimentos, evitando que los ingredientes se queden en el fondo de la jarraEste producto cuenta con 1 a\u00f1o de garant\u00eda oficial Oster.Para conocer el alcance, las condiciones y c\u00f3mo gestionarla, ingres\u00e1 en:\u00a0www.osterargentina.com\/servicio-y-soporte\/garantias<\/p>\n","protected":false},"excerpt":{"rendered":"<p>Con control de textura para personalizar la consistencia de espesa a l\u00edquida. Funciona de forma autom\u00e1tica, gracias a sus 3<\/p>\n","protected":false},"featured_media":16631,"template":"","meta":[],"product_brand":[1883],"product_cat":[1749,1833],"product_tag":[],"class_list":{"0":"post-16626","1":"product","2":"type-product","3":"status-publish","4":"has-post-thumbnail","6":"product_brand-oster","7":"product_cat-cocina","8":"product_cat-hogar-tiempo-libre","10":"first","11":"instock","12":"shipping-taxable","13":"purchasable","14":"product-type-variable"},"_links":{"self":[{"href":"https:\/\/www.tuvendes.com.ar\/demo\/wp-json\/wp\/v2\/product\/16626","targetHints":{"allow":["GET"]}}],"collection":[{"href":"https:\/\/www.tuvendes.com.ar\/demo\/wp-json\/wp\/v2\/product"}],"about":[{"href":"https:\/\/www.tuvendes.com.ar\/demo\/wp-json\/wp\/v2\/types\/product"}],"wp:featuredmedia":[{"embeddable":true,"href":"https:\/\/www.tuvendes.com.ar\/demo\/wp-json\/wp\/v2\/media\/16631"}],"wp:attachment":[{"href":"https:\/\/www.tuvendes.com.ar\/demo\/wp-json\/wp\/v2\/media?parent=16626"}],"wp:term":[{"taxonomy":"product_brand","embeddable":true,"href":"https:\/\/www.tuvendes.com.ar\/demo\/wp-json\/wp\/v2\/product_brand?post=16626"},{"taxonomy":"product_cat","embeddable":true,"href":"https:\/\/www.tuvendes.com.ar\/demo\/wp-json\/wp\/v2\/product_cat?post=16626"},{"taxonomy":"product_tag","embeddable":true,"href":"https:\/\/www.tuvendes.com.ar\/demo\/wp-json\/wp\/v2\/product_tag?post=16626"}],"curies":[{"name":"wp","href":"https:\/\/api.w.org\/{rel}","templated":true}]}}