{"id":16740,"date":"2025-01-20T23:08:21","date_gmt":"2025-01-20T23:08:21","guid":{"rendered":"https:\/\/www.tuvendes.com.ar\/demo\/producto\/boligrafo-waterman-hemisphere\/"},"modified":"2026-04-20T19:14:54","modified_gmt":"2026-04-20T19:14:54","slug":"boligrafo-waterman-hemisphere","status":"publish","type":"product","link":"https:\/\/www.tuvendes.com.ar\/demo\/producto\/boligrafo-waterman-hemisphere\/","title":{"rendered":"Bol\u00edgrafo Waterman Hemisphere"},"content":{"rendered":"<p>Cuerpo: Acero inoxidable y dorado Adornos: Acabado en oro Punta: Chapado en oro fino. H\u00c9MISPH\u00c8RE es la elegante y sofisticado bol\u00edgrafo estilizado ideal para todos los d\u00edas y todas las ocasiones. Atemporales y contempor\u00e1neos, los acabados de H\u00c9MISPH\u00c8RE Essential van m\u00e1s all\u00e1 de la modernidad y el refinamiento. (G92829 &#8211; S0920740)<\/p>\n","protected":false},"excerpt":{"rendered":"<p>Cuerpo: Acero inoxidable y dorado Adornos: Acabado en oro Punta: Chapado en oro fino. H\u00c9MISPH\u00c8RE es la elegante y sofisticado<\/p>\n","protected":false},"featured_media":16744,"template":"","meta":[],"product_brand":[1893],"product_cat":[1761,1827],"product_tag":[],"class_list":{"0":"post-16740","1":"product","2":"type-product","3":"status-publish","4":"has-post-thumbnail","6":"product_brand-waterman","7":"product_cat-escritura","8":"product_cat-escritura-fina","10":"first","11":"outofstock","12":"shipping-taxable","13":"purchasable","14":"product-type-variable"},"_links":{"self":[{"href":"https:\/\/www.tuvendes.com.ar\/demo\/wp-json\/wp\/v2\/product\/16740","targetHints":{"allow":["GET"]}}],"collection":[{"href":"https:\/\/www.tuvendes.com.ar\/demo\/wp-json\/wp\/v2\/product"}],"about":[{"href":"https:\/\/www.tuvendes.com.ar\/demo\/wp-json\/wp\/v2\/types\/product"}],"wp:featuredmedia":[{"embeddable":true,"href":"https:\/\/www.tuvendes.com.ar\/demo\/wp-json\/wp\/v2\/media\/16744"}],"wp:attachment":[{"href":"https:\/\/www.tuvendes.com.ar\/demo\/wp-json\/wp\/v2\/media?parent=16740"}],"wp:term":[{"taxonomy":"product_brand","embeddable":true,"href":"https:\/\/www.tuvendes.com.ar\/demo\/wp-json\/wp\/v2\/product_brand?post=16740"},{"taxonomy":"product_cat","embeddable":true,"href":"https:\/\/www.tuvendes.com.ar\/demo\/wp-json\/wp\/v2\/product_cat?post=16740"},{"taxonomy":"product_tag","embeddable":true,"href":"https:\/\/www.tuvendes.com.ar\/demo\/wp-json\/wp\/v2\/product_tag?post=16740"}],"curies":[{"name":"wp","href":"https:\/\/api.w.org\/{rel}","templated":true}]}}