{"id":16741,"date":"2025-01-20T23:08:22","date_gmt":"2025-01-20T23:08:22","guid":{"rendered":"https:\/\/www.tuvendes.com.ar\/demo\/producto\/eco-pencil-endless-bambu\/"},"modified":"2026-04-20T16:14:05","modified_gmt":"2026-04-20T16:14:05","slug":"eco-pencil-endless-bambu","status":"publish","type":"product","link":"https:\/\/www.tuvendes.com.ar\/demo\/producto\/eco-pencil-endless-bambu\/","title":{"rendered":"Eco Pencil Endless Bamb\u00fa"},"content":{"rendered":"<p>L\u00e1piz de larga duraci\u00f3n, fabricado en bamb\u00fa con punta de aleaci\u00f3n de metal con grafito.<br \/>\nEs borrable y sin necesidad de sacar punta. Medidas: \u00d80,8 x 13,8 cm\u00a0\u00a0Durabilidad de 15.000 metros, equivalente a 100 l\u00e1pices de grafito<br \/>\n*Como el producto est\u00e1 fabricado con materiales naturales, el color como el resultado de la impresi\u00f3n pueden tener m\u00ednimas variaciones entre productos.\u00a0<\/p>\n","protected":false},"excerpt":{"rendered":"<p>L\u00e1piz de larga duraci\u00f3n, fabricado en bamb\u00fa con punta de aleaci\u00f3n de metal con grafito. Es borrable y sin necesidad<\/p>\n","protected":false},"featured_media":16745,"template":"","meta":[],"product_brand":[],"product_cat":[1841,1761,1852],"product_tag":[],"class_list":{"0":"post-16741","1":"product","2":"type-product","3":"status-publish","4":"has-post-thumbnail","6":"product_cat-ecologicos","7":"product_cat-escritura","8":"product_cat-lapices-grafito","10":"first","11":"instock","12":"shipping-taxable","13":"purchasable","14":"product-type-variable"},"_links":{"self":[{"href":"https:\/\/www.tuvendes.com.ar\/demo\/wp-json\/wp\/v2\/product\/16741","targetHints":{"allow":["GET"]}}],"collection":[{"href":"https:\/\/www.tuvendes.com.ar\/demo\/wp-json\/wp\/v2\/product"}],"about":[{"href":"https:\/\/www.tuvendes.com.ar\/demo\/wp-json\/wp\/v2\/types\/product"}],"wp:featuredmedia":[{"embeddable":true,"href":"https:\/\/www.tuvendes.com.ar\/demo\/wp-json\/wp\/v2\/media\/16745"}],"wp:attachment":[{"href":"https:\/\/www.tuvendes.com.ar\/demo\/wp-json\/wp\/v2\/media?parent=16741"}],"wp:term":[{"taxonomy":"product_brand","embeddable":true,"href":"https:\/\/www.tuvendes.com.ar\/demo\/wp-json\/wp\/v2\/product_brand?post=16741"},{"taxonomy":"product_cat","embeddable":true,"href":"https:\/\/www.tuvendes.com.ar\/demo\/wp-json\/wp\/v2\/product_cat?post=16741"},{"taxonomy":"product_tag","embeddable":true,"href":"https:\/\/www.tuvendes.com.ar\/demo\/wp-json\/wp\/v2\/product_tag?post=16741"}],"curies":[{"name":"wp","href":"https:\/\/api.w.org\/{rel}","templated":true}]}}