{"id":16980,"date":"2025-01-20T23:09:46","date_gmt":"2025-01-20T23:09:46","guid":{"rendered":"https:\/\/www.tuvendes.com.ar\/demo\/producto\/conservadora-coleman-con-ruedas-316-series\/"},"modified":"2026-04-20T19:24:13","modified_gmt":"2026-04-20T19:24:13","slug":"conservadora-coleman-con-ruedas-316-series","status":"publish","type":"product","link":"https:\/\/www.tuvendes.com.ar\/demo\/producto\/conservadora-coleman-con-ruedas-316-series\/","title":{"rendered":"Conservadora Coleman con Ruedas 316 Series"},"content":{"rendered":"<p>Conservadora r\u00edgida con ruedas que conserva el fr\u00edo por 5 d\u00edas, con la tecnolog\u00eda Keeps the Ice que mantiene el hielo hasta 5\u00a0d\u00edas a temperaturas de hasta 32,22\u00a0\u00b0C<br \/>\nCuenta con un tap\u00f3n de canal de drenaje a prueba de fugasLa tapa resiste hasta 113kg y se puede usar como asiento. Regla y posavasos incorporados en\u00a0la tapaRuedas resistentes y duraderas asas de arrastre y movimiento hacia arriba dise\u00f1adas para un f\u00e1cil transporte<br \/>\nCapacidad de 94, 63 lt &#8211; 160 latas<\/p>\n","protected":false},"excerpt":{"rendered":"<p>Conservadora r\u00edgida con ruedas que conserva el fr\u00edo por 5 d\u00edas, con la tecnolog\u00eda Keeps the Ice que mantiene el<\/p>\n","protected":false},"featured_media":16982,"template":"","meta":[],"product_brand":[1886],"product_cat":[1842,1833,1772],"product_tag":[],"class_list":{"0":"post-16980","1":"product","2":"type-product","3":"status-publish","4":"has-post-thumbnail","6":"product_brand-coleman","7":"product_cat-conservadoras","8":"product_cat-hogar-tiempo-libre","9":"product_cat-viajes","11":"first","12":"outofstock","13":"shipping-taxable","14":"purchasable","15":"product-type-variable"},"_links":{"self":[{"href":"https:\/\/www.tuvendes.com.ar\/demo\/wp-json\/wp\/v2\/product\/16980","targetHints":{"allow":["GET"]}}],"collection":[{"href":"https:\/\/www.tuvendes.com.ar\/demo\/wp-json\/wp\/v2\/product"}],"about":[{"href":"https:\/\/www.tuvendes.com.ar\/demo\/wp-json\/wp\/v2\/types\/product"}],"wp:featuredmedia":[{"embeddable":true,"href":"https:\/\/www.tuvendes.com.ar\/demo\/wp-json\/wp\/v2\/media\/16982"}],"wp:attachment":[{"href":"https:\/\/www.tuvendes.com.ar\/demo\/wp-json\/wp\/v2\/media?parent=16980"}],"wp:term":[{"taxonomy":"product_brand","embeddable":true,"href":"https:\/\/www.tuvendes.com.ar\/demo\/wp-json\/wp\/v2\/product_brand?post=16980"},{"taxonomy":"product_cat","embeddable":true,"href":"https:\/\/www.tuvendes.com.ar\/demo\/wp-json\/wp\/v2\/product_cat?post=16980"},{"taxonomy":"product_tag","embeddable":true,"href":"https:\/\/www.tuvendes.com.ar\/demo\/wp-json\/wp\/v2\/product_tag?post=16980"}],"curies":[{"name":"wp","href":"https:\/\/api.w.org\/{rel}","templated":true}]}}