{"id":1705,"date":"2024-11-12T19:49:34","date_gmt":"2024-11-12T19:49:34","guid":{"rendered":"https:\/\/www.tuvendes.com.ar\/demo\/producto\/llavero-de-cuero\/"},"modified":"2025-08-21T20:44:56","modified_gmt":"2025-08-21T20:44:56","slug":"llavero-de-cuero","status":"publish","type":"product","link":"https:\/\/www.tuvendes.com.ar\/demo\/producto\/llavero-de-cuero\/","title":{"rendered":"Llavero de Cuero"},"content":{"rendered":"<p>Los Llaveros de Cuero son una excelente opci\u00f3n a la hora de regalar un producto promocional. Se entregan en caja de regalo con interior forrado en pana negra. Nuestros Llaveros est\u00e1n fabricados con cuero ecol\u00f3gico, poseen doble costura en los dos lados, un relleno interior que les da suavidad y vienen en dos colores: negro y marr\u00f3n. Se imprimen por proceso tampogr\u00e1fico.<\/p>\n<p>\u00c1rea M\u00e1xima de impresi\u00f3n: 31mm. x 26 mm.<\/p>\n<p>Se entregan en caja de regalo<\/p>\n","protected":false},"excerpt":{"rendered":"<p>Los Llaveros de Cuero son una excelente opci\u00f3n a la hora de regalar un producto promocional. Se entregan en caja de regalo con interior forrado en pana negra. Nuestros Llaveros est\u00e1n fabricados con cuero ecol\u00f3gico, poseen doble costura en los dos lados, un relleno interior que les da suavidad y vienen en dos colores: negro y marr\u00f3n. Se imprimen por proceso tampogr\u00e1fico.<\/p>\n<p>\u00c1rea M\u00e1xima de impresi\u00f3n: 31mm. x 26 mm.<\/p>\n<p>Se entregan en caja de regalo<\/p>\n","protected":false},"featured_media":1706,"template":"","meta":[],"product_brand":[],"product_cat":[124],"product_tag":[],"class_list":{"0":"post-1705","1":"product","2":"type-product","3":"status-publish","4":"has-post-thumbnail","6":"product_cat-elementi","7":"pa_custom-impresion-de-1-cara","8":"pa_custom-impresion-de-2-caras","9":"pa_custom-sin-personalizacion","11":"first","12":"instock","13":"shipping-taxable","14":"purchasable","15":"product-type-variable"},"_links":{"self":[{"href":"https:\/\/www.tuvendes.com.ar\/demo\/wp-json\/wp\/v2\/product\/1705","targetHints":{"allow":["GET"]}}],"collection":[{"href":"https:\/\/www.tuvendes.com.ar\/demo\/wp-json\/wp\/v2\/product"}],"about":[{"href":"https:\/\/www.tuvendes.com.ar\/demo\/wp-json\/wp\/v2\/types\/product"}],"wp:featuredmedia":[{"embeddable":true,"href":"https:\/\/www.tuvendes.com.ar\/demo\/wp-json\/wp\/v2\/media\/1706"}],"wp:attachment":[{"href":"https:\/\/www.tuvendes.com.ar\/demo\/wp-json\/wp\/v2\/media?parent=1705"}],"wp:term":[{"taxonomy":"product_brand","embeddable":true,"href":"https:\/\/www.tuvendes.com.ar\/demo\/wp-json\/wp\/v2\/product_brand?post=1705"},{"taxonomy":"product_cat","embeddable":true,"href":"https:\/\/www.tuvendes.com.ar\/demo\/wp-json\/wp\/v2\/product_cat?post=1705"},{"taxonomy":"product_tag","embeddable":true,"href":"https:\/\/www.tuvendes.com.ar\/demo\/wp-json\/wp\/v2\/product_tag?post=1705"}],"curies":[{"name":"wp","href":"https:\/\/api.w.org\/{rel}","templated":true}]}}