{"id":17061,"date":"2025-01-20T23:10:19","date_gmt":"2025-01-20T23:10:19","guid":{"rendered":"https:\/\/www.tuvendes.com.ar\/demo\/producto\/licuadora-oster-clasica-perilla-ergonomica\/"},"modified":"2026-04-20T19:18:18","modified_gmt":"2026-04-20T19:18:18","slug":"licuadora-oster-clasica-perilla-ergonomica","status":"publish","type":"product","link":"https:\/\/www.tuvendes.com.ar\/demo\/producto\/licuadora-oster-clasica-perilla-ergonomica\/","title":{"rendered":"Licuadora Oster Cl\u00e1sica &#8211; Perilla Ergon\u00f3mica"},"content":{"rendered":"<p>Vaso de vidrio refractario Boroclass\u00ae de 1,25 litros (5 tazas) de capacidad resistente a ingredientes hirviendo (hasta un choque t\u00e9rmico de 90\u00b0) que es perfecto para preparar sopas y otros platos calientes o fr\u00edos.<br \/>\nMotor 6 veces m\u00e1s duradero que le garantiza larga vida a la licuadora.<br \/>\nSistema de acople de met\u00e1lico 10 veces m\u00e1s fuerte entre la cuchilla y el eje de la base que prolonga la vida de la licuadora.<br \/>\nAcabado de primera calidad de aluminio en relieve con detalles pulidos y gr\u00e1ficos impresos.<br \/>\nRevolucionaria cuchilla trituradora de hielo.<br \/>\nCon perilla ergon\u00f3mica de tres velocidades.<br \/>\nPotente motor con 1000 W de potencia Pico (Potencia nominal de 700 W)\u00a0Este producto cuenta con 1 a\u00f1o de garant\u00eda oficial Oster.Para conocer el alcance, las condiciones y c\u00f3mo gestionarla, ingres\u00e1 en:\u00a0www.osterargentina.com\/servicio-y-soporte\/garantias<\/p>\n","protected":false},"excerpt":{"rendered":"<p>Vaso de vidrio refractario Boroclass\u00ae de 1,25 litros (5 tazas) de capacidad resistente a ingredientes hirviendo (hasta un choque t\u00e9rmico<\/p>\n","protected":false},"featured_media":17066,"template":"","meta":[],"product_brand":[1883],"product_cat":[1749,1833],"product_tag":[],"class_list":{"0":"post-17061","1":"product","2":"type-product","3":"status-publish","4":"has-post-thumbnail","6":"product_brand-oster","7":"product_cat-cocina","8":"product_cat-hogar-tiempo-libre","10":"first","11":"instock","12":"shipping-taxable","13":"purchasable","14":"product-type-variable"},"_links":{"self":[{"href":"https:\/\/www.tuvendes.com.ar\/demo\/wp-json\/wp\/v2\/product\/17061","targetHints":{"allow":["GET"]}}],"collection":[{"href":"https:\/\/www.tuvendes.com.ar\/demo\/wp-json\/wp\/v2\/product"}],"about":[{"href":"https:\/\/www.tuvendes.com.ar\/demo\/wp-json\/wp\/v2\/types\/product"}],"wp:featuredmedia":[{"embeddable":true,"href":"https:\/\/www.tuvendes.com.ar\/demo\/wp-json\/wp\/v2\/media\/17066"}],"wp:attachment":[{"href":"https:\/\/www.tuvendes.com.ar\/demo\/wp-json\/wp\/v2\/media?parent=17061"}],"wp:term":[{"taxonomy":"product_brand","embeddable":true,"href":"https:\/\/www.tuvendes.com.ar\/demo\/wp-json\/wp\/v2\/product_brand?post=17061"},{"taxonomy":"product_cat","embeddable":true,"href":"https:\/\/www.tuvendes.com.ar\/demo\/wp-json\/wp\/v2\/product_cat?post=17061"},{"taxonomy":"product_tag","embeddable":true,"href":"https:\/\/www.tuvendes.com.ar\/demo\/wp-json\/wp\/v2\/product_tag?post=17061"}],"curies":[{"name":"wp","href":"https:\/\/api.w.org\/{rel}","templated":true}]}}