{"id":1726,"date":"2024-11-12T19:49:37","date_gmt":"2024-11-12T19:49:37","guid":{"rendered":"https:\/\/www.tuvendes.com.ar\/demo\/producto\/gorras-trucker-combinadas-frente-blanco\/"},"modified":"2025-08-28T12:03:25","modified_gmt":"2025-08-28T12:03:25","slug":"gorras-trucker-combinadas-frente-blanco","status":"publish","type":"product","link":"https:\/\/www.tuvendes.com.ar\/demo\/producto\/gorras-trucker-combinadas-frente-blanco\/","title":{"rendered":"Gorras Trucker Combinadas Frente Blanco"},"content":{"rendered":"<p>Nuestras Gorras Trucker Combinadas tienen 5 gajos y frente de goma espuma (foam) blanca, son de 100% poliester, red y cierre pl\u00e1stico y pueden imprimirse por el sistema de sublimaci\u00f3n de tintas full color con calidad fotogr\u00e1fica. Resultan ideales para todo tipo de acciones publicitarias, desde regalos empresariales, eventos colegiales , distintivos para instituciones deportivas, uniformes, merchandising, etc.<br \/>\nColores: negro, rojo, celeste, rosa, camuflado, amarillo, naranja, azul francia, azul marino, violeta y verde benetton.<\/p>\n","protected":false},"excerpt":{"rendered":"<p>Nuestras Gorras Trucker Combinadas tienen 5 gajos y frente de goma espuma (foam) blanca, son de 100% poliester, red y cierre pl\u00e1stico y pueden imprimirse por el sistema de sublimaci\u00f3n de tintas full color con calidad fotogr\u00e1fica. \u00c1rea de impresi\u00f3n: 11 x 6 cm.<\/p>\n<p>Sublim\u00e1s? Pedilas \u00abSin Personlizaci\u00f3n\u00bb. Estas gorras son ideales para sublimar el frente Full Color.<\/p>\n","protected":false},"featured_media":1728,"template":"","meta":[],"product_brand":[],"product_cat":[124],"product_tag":[],"class_list":{"0":"post-1726","1":"product","2":"type-product","3":"status-publish","4":"has-post-thumbnail","6":"product_cat-elementi","7":"pa_custom-impresion-full-color","8":"pa_custom-sin-personalizacion","10":"first","11":"instock","12":"shipping-taxable","13":"purchasable","14":"product-type-variable"},"_links":{"self":[{"href":"https:\/\/www.tuvendes.com.ar\/demo\/wp-json\/wp\/v2\/product\/1726","targetHints":{"allow":["GET"]}}],"collection":[{"href":"https:\/\/www.tuvendes.com.ar\/demo\/wp-json\/wp\/v2\/product"}],"about":[{"href":"https:\/\/www.tuvendes.com.ar\/demo\/wp-json\/wp\/v2\/types\/product"}],"wp:featuredmedia":[{"embeddable":true,"href":"https:\/\/www.tuvendes.com.ar\/demo\/wp-json\/wp\/v2\/media\/1728"}],"wp:attachment":[{"href":"https:\/\/www.tuvendes.com.ar\/demo\/wp-json\/wp\/v2\/media?parent=1726"}],"wp:term":[{"taxonomy":"product_brand","embeddable":true,"href":"https:\/\/www.tuvendes.com.ar\/demo\/wp-json\/wp\/v2\/product_brand?post=1726"},{"taxonomy":"product_cat","embeddable":true,"href":"https:\/\/www.tuvendes.com.ar\/demo\/wp-json\/wp\/v2\/product_cat?post=1726"},{"taxonomy":"product_tag","embeddable":true,"href":"https:\/\/www.tuvendes.com.ar\/demo\/wp-json\/wp\/v2\/product_tag?post=1726"}],"curies":[{"name":"wp","href":"https:\/\/api.w.org\/{rel}","templated":true}]}}