{"id":17304,"date":"2025-01-20T23:11:41","date_gmt":"2025-01-20T23:11:41","guid":{"rendered":"https:\/\/www.tuvendes.com.ar\/demo\/producto\/auricular-flight-usb-c-pro\/"},"modified":"2026-05-05T21:27:12","modified_gmt":"2026-05-05T21:27:12","slug":"auricular-flight-usb-c-pro","status":"publish","type":"product","link":"https:\/\/www.tuvendes.com.ar\/demo\/producto\/auricular-flight-usb-c-pro\/","title":{"rendered":"Auricular Flight USB-C Pro"},"content":{"rendered":"<p>Auriculares con cable de 1,20 metros con conexi\u00f3n USB-C. Micr\u00f3fono incorporado y bot\u00f3n para responder llamadas.<br \/>\nIncluye 2 pares de adaptadores de silicona en 2 tama\u00f1os distintos.\u00a0<br \/>\nCon estuche de PS y ABS con tapa transparente. Medidas: 7 x 7 x 1,8 cm<br \/>\n\u00a0<\/p>\n","protected":false},"excerpt":{"rendered":"<p>Auriculares con cable de 1,20 metros con conexi\u00f3n USB-C. Micr\u00f3fono incorporado y bot\u00f3n para responder llamadas. Incluye 2 pares de<\/p>\n","protected":false},"featured_media":17306,"template":"","meta":[],"product_brand":[],"product_cat":[1848,1847,1756],"product_tag":[],"class_list":{"0":"post-17304","1":"product","2":"type-product","3":"status-publish","4":"has-post-thumbnail","6":"product_cat-audio-video","7":"product_cat-mobile","8":"product_cat-tecnologia","10":"first","11":"instock","12":"shipping-taxable","13":"purchasable","14":"product-type-variable"},"_links":{"self":[{"href":"https:\/\/www.tuvendes.com.ar\/demo\/wp-json\/wp\/v2\/product\/17304","targetHints":{"allow":["GET"]}}],"collection":[{"href":"https:\/\/www.tuvendes.com.ar\/demo\/wp-json\/wp\/v2\/product"}],"about":[{"href":"https:\/\/www.tuvendes.com.ar\/demo\/wp-json\/wp\/v2\/types\/product"}],"wp:featuredmedia":[{"embeddable":true,"href":"https:\/\/www.tuvendes.com.ar\/demo\/wp-json\/wp\/v2\/media\/17306"}],"wp:attachment":[{"href":"https:\/\/www.tuvendes.com.ar\/demo\/wp-json\/wp\/v2\/media?parent=17304"}],"wp:term":[{"taxonomy":"product_brand","embeddable":true,"href":"https:\/\/www.tuvendes.com.ar\/demo\/wp-json\/wp\/v2\/product_brand?post=17304"},{"taxonomy":"product_cat","embeddable":true,"href":"https:\/\/www.tuvendes.com.ar\/demo\/wp-json\/wp\/v2\/product_cat?post=17304"},{"taxonomy":"product_tag","embeddable":true,"href":"https:\/\/www.tuvendes.com.ar\/demo\/wp-json\/wp\/v2\/product_tag?post=17304"}],"curies":[{"name":"wp","href":"https:\/\/api.w.org\/{rel}","templated":true}]}}