{"id":17305,"date":"2025-01-20T23:11:41","date_gmt":"2025-01-20T23:11:41","guid":{"rendered":"https:\/\/www.tuvendes.com.ar\/demo\/producto\/boligrafo-parker-im-achromatic\/"},"modified":"2026-05-06T15:18:03","modified_gmt":"2026-05-06T15:18:03","slug":"boligrafo-parker-im-achromatic","status":"publish","type":"product","link":"https:\/\/www.tuvendes.com.ar\/demo\/producto\/boligrafo-parker-im-achromatic\/","title":{"rendered":"Bol\u00edgrafo Parker IM Achromatic"},"content":{"rendered":"<p>Bol\u00edgrafo de laca negra, cromado y punta media. Este modelo es sofisticado y de un notable dise\u00f1o. Tinta Negra. Acabado de impresi\u00f3n l\u00e1ser en tono cobrizo\/dorado.<\/p>\n","protected":false},"excerpt":{"rendered":"<p>Bol\u00edgrafo de laca negra, cromado y punta media. Este modelo es sofisticado y de un notable dise\u00f1o. Tinta Negra. Acabado<\/p>\n","protected":false},"featured_media":47119,"template":"","meta":[],"product_brand":[1884],"product_cat":[1761,1827],"product_tag":[],"class_list":{"0":"post-17305","1":"product","2":"type-product","3":"status-publish","4":"has-post-thumbnail","6":"product_brand-parker","7":"product_cat-escritura","8":"product_cat-escritura-fina","10":"first","11":"instock","12":"shipping-taxable","13":"purchasable","14":"product-type-variable"},"_links":{"self":[{"href":"https:\/\/www.tuvendes.com.ar\/demo\/wp-json\/wp\/v2\/product\/17305","targetHints":{"allow":["GET"]}}],"collection":[{"href":"https:\/\/www.tuvendes.com.ar\/demo\/wp-json\/wp\/v2\/product"}],"about":[{"href":"https:\/\/www.tuvendes.com.ar\/demo\/wp-json\/wp\/v2\/types\/product"}],"wp:featuredmedia":[{"embeddable":true,"href":"https:\/\/www.tuvendes.com.ar\/demo\/wp-json\/wp\/v2\/media\/47119"}],"wp:attachment":[{"href":"https:\/\/www.tuvendes.com.ar\/demo\/wp-json\/wp\/v2\/media?parent=17305"}],"wp:term":[{"taxonomy":"product_brand","embeddable":true,"href":"https:\/\/www.tuvendes.com.ar\/demo\/wp-json\/wp\/v2\/product_brand?post=17305"},{"taxonomy":"product_cat","embeddable":true,"href":"https:\/\/www.tuvendes.com.ar\/demo\/wp-json\/wp\/v2\/product_cat?post=17305"},{"taxonomy":"product_tag","embeddable":true,"href":"https:\/\/www.tuvendes.com.ar\/demo\/wp-json\/wp\/v2\/product_tag?post=17305"}],"curies":[{"name":"wp","href":"https:\/\/api.w.org\/{rel}","templated":true}]}}