{"id":17749,"date":"2025-01-20T23:14:14","date_gmt":"2025-01-20T23:14:14","guid":{"rendered":"https:\/\/www.tuvendes.com.ar\/demo\/producto\/auricular-pods\/"},"modified":"2026-04-30T18:02:35","modified_gmt":"2026-04-30T18:02:35","slug":"auricular-pods","status":"publish","type":"product","link":"https:\/\/www.tuvendes.com.ar\/demo\/producto\/auricular-pods\/","title":{"rendered":"Auricular Pods"},"content":{"rendered":"<p>Auriculares inal\u00e1mbricos True Wireless. Cuenta con micr\u00f3fono integrado y bot\u00f3n multifunci\u00f3n en ambos auriculares. Tienen una autonom\u00eda de 1.5 horas y su caja de carga es de 250 mAh. Incluye un puerto micro USB para su carga. Se suministra en una caja de regalo blanca. Auricular: 4,7 x 1,9 x 0,8 cm | Caja: 5,5 x 6,4 x 2,6 cm. Distancia m\u00e1xima de transmisi\u00f3n inal\u00e1mbrica:\u00a010m<\/p>\n","protected":false},"excerpt":{"rendered":"<p>Auriculares inal\u00e1mbricos True Wireless. Cuenta con micr\u00f3fono integrado y bot\u00f3n multifunci\u00f3n en ambos auriculares. Tienen una autonom\u00eda de 1.5 horas<\/p>\n","protected":false},"featured_media":17753,"template":"","meta":[],"product_brand":[],"product_cat":[1848,1756],"product_tag":[],"class_list":{"0":"post-17749","1":"product","2":"type-product","3":"status-publish","4":"has-post-thumbnail","6":"product_cat-audio-video","7":"product_cat-tecnologia","9":"first","10":"instock","11":"shipping-taxable","12":"purchasable","13":"product-type-variable"},"_links":{"self":[{"href":"https:\/\/www.tuvendes.com.ar\/demo\/wp-json\/wp\/v2\/product\/17749","targetHints":{"allow":["GET"]}}],"collection":[{"href":"https:\/\/www.tuvendes.com.ar\/demo\/wp-json\/wp\/v2\/product"}],"about":[{"href":"https:\/\/www.tuvendes.com.ar\/demo\/wp-json\/wp\/v2\/types\/product"}],"wp:featuredmedia":[{"embeddable":true,"href":"https:\/\/www.tuvendes.com.ar\/demo\/wp-json\/wp\/v2\/media\/17753"}],"wp:attachment":[{"href":"https:\/\/www.tuvendes.com.ar\/demo\/wp-json\/wp\/v2\/media?parent=17749"}],"wp:term":[{"taxonomy":"product_brand","embeddable":true,"href":"https:\/\/www.tuvendes.com.ar\/demo\/wp-json\/wp\/v2\/product_brand?post=17749"},{"taxonomy":"product_cat","embeddable":true,"href":"https:\/\/www.tuvendes.com.ar\/demo\/wp-json\/wp\/v2\/product_cat?post=17749"},{"taxonomy":"product_tag","embeddable":true,"href":"https:\/\/www.tuvendes.com.ar\/demo\/wp-json\/wp\/v2\/product_tag?post=17749"}],"curies":[{"name":"wp","href":"https:\/\/api.w.org\/{rel}","templated":true}]}}