{"id":18171,"date":"2025-01-20T23:16:38","date_gmt":"2025-01-20T23:16:38","guid":{"rendered":"https:\/\/www.tuvendes.com.ar\/demo\/producto\/contigo-vaso-termico-westloop\/"},"modified":"2026-04-20T19:17:13","modified_gmt":"2026-04-20T19:17:13","slug":"contigo-vaso-termico-westloop","status":"publish","type":"product","link":"https:\/\/www.tuvendes.com.ar\/demo\/producto\/contigo-vaso-termico-westloop\/","title":{"rendered":"Contigo vaso t\u00e9rmico Westloop"},"content":{"rendered":"<p>\u2022 Vaso t\u00e9rmico con bot\u00f3n vertical de cierre. Funci\u00f3n de bloqueo: evita presionar accidentalmente. \u2022 Material: acero inoxidable de doble pared insulado \u2022 De f\u00e1cil limpieza, sin partes sueltas y con control de flujo superior. \u2022 Libre de BPA \u2022 Sistema AUTOSEAL\u00ae: cierre autom\u00e1tico despu\u00e9s de cada sorbo. \u2022 Mantiene la temperatura durante 5 hs caliente y 12 hs fr\u00edo \u2022 Permite beber con una sola mano \u2022 Capacidad: 473ml \u2022 Cod. 2071461<br \/>\n*El producto presenta el logo de Contigo al frente y al dorso.<\/p>\n","protected":false},"excerpt":{"rendered":"<p>\u2022 Vaso t\u00e9rmico con bot\u00f3n vertical de cierre. Funci\u00f3n de bloqueo: evita presionar accidentalmente. \u2022 Material: acero inoxidable de doble<\/p>\n","protected":false},"featured_media":18179,"template":"","meta":[],"product_brand":[1887],"product_cat":[1752,1831],"product_tag":[],"class_list":{"0":"post-18171","1":"product","2":"type-product","3":"status-publish","4":"has-post-thumbnail","6":"product_brand-contigo","7":"product_cat-drinkware","8":"product_cat-vasos-termicos","10":"first","11":"instock","12":"shipping-taxable","13":"purchasable","14":"product-type-variable"},"_links":{"self":[{"href":"https:\/\/www.tuvendes.com.ar\/demo\/wp-json\/wp\/v2\/product\/18171","targetHints":{"allow":["GET"]}}],"collection":[{"href":"https:\/\/www.tuvendes.com.ar\/demo\/wp-json\/wp\/v2\/product"}],"about":[{"href":"https:\/\/www.tuvendes.com.ar\/demo\/wp-json\/wp\/v2\/types\/product"}],"wp:featuredmedia":[{"embeddable":true,"href":"https:\/\/www.tuvendes.com.ar\/demo\/wp-json\/wp\/v2\/media\/18179"}],"wp:attachment":[{"href":"https:\/\/www.tuvendes.com.ar\/demo\/wp-json\/wp\/v2\/media?parent=18171"}],"wp:term":[{"taxonomy":"product_brand","embeddable":true,"href":"https:\/\/www.tuvendes.com.ar\/demo\/wp-json\/wp\/v2\/product_brand?post=18171"},{"taxonomy":"product_cat","embeddable":true,"href":"https:\/\/www.tuvendes.com.ar\/demo\/wp-json\/wp\/v2\/product_cat?post=18171"},{"taxonomy":"product_tag","embeddable":true,"href":"https:\/\/www.tuvendes.com.ar\/demo\/wp-json\/wp\/v2\/product_tag?post=18171"}],"curies":[{"name":"wp","href":"https:\/\/api.w.org\/{rel}","templated":true}]}}