{"id":18174,"date":"2025-01-20T23:16:38","date_gmt":"2025-01-20T23:16:38","guid":{"rendered":"https:\/\/www.tuvendes.com.ar\/demo\/producto\/rollerball-waterman-hemisphere\/"},"modified":"2026-04-20T19:30:53","modified_gmt":"2026-04-20T19:30:53","slug":"rollerball-waterman-hemisphere","status":"publish","type":"product","link":"https:\/\/www.tuvendes.com.ar\/demo\/producto\/rollerball-waterman-hemisphere\/","title":{"rendered":"Rollerball Waterman Hemisphere"},"content":{"rendered":"<p>Acero inoxidable cuerpo Laca Negro Capuch\u00f3n y cuerpo: Laqueado Brillante Adornos y punta: Acero inoxidable . H\u00c9MISPH\u00c8RE es la elegante y sofisticada Rollerball ideal para todos los d\u00edas y todas las ocasiones. Atemporales y contempor\u00e1neos, los acabados de H\u00c9MISPH\u00c8RE van m\u00e1s all\u00e1 de la modernidad y el refinamiento. (G92869 &#8211; S0920850)<\/p>\n","protected":false},"excerpt":{"rendered":"<p>Acero inoxidable cuerpo Laca Negro Capuch\u00f3n y cuerpo: Laqueado Brillante Adornos y punta: Acero inoxidable . H\u00c9MISPH\u00c8RE es la elegante<\/p>\n","protected":false},"featured_media":18177,"template":"","meta":[],"product_brand":[1893],"product_cat":[1761,1827],"product_tag":[],"class_list":{"0":"post-18174","1":"product","2":"type-product","3":"status-publish","4":"has-post-thumbnail","6":"product_brand-waterman","7":"product_cat-escritura","8":"product_cat-escritura-fina","10":"first","11":"outofstock","12":"shipping-taxable","13":"purchasable","14":"product-type-variable"},"_links":{"self":[{"href":"https:\/\/www.tuvendes.com.ar\/demo\/wp-json\/wp\/v2\/product\/18174","targetHints":{"allow":["GET"]}}],"collection":[{"href":"https:\/\/www.tuvendes.com.ar\/demo\/wp-json\/wp\/v2\/product"}],"about":[{"href":"https:\/\/www.tuvendes.com.ar\/demo\/wp-json\/wp\/v2\/types\/product"}],"wp:featuredmedia":[{"embeddable":true,"href":"https:\/\/www.tuvendes.com.ar\/demo\/wp-json\/wp\/v2\/media\/18177"}],"wp:attachment":[{"href":"https:\/\/www.tuvendes.com.ar\/demo\/wp-json\/wp\/v2\/media?parent=18174"}],"wp:term":[{"taxonomy":"product_brand","embeddable":true,"href":"https:\/\/www.tuvendes.com.ar\/demo\/wp-json\/wp\/v2\/product_brand?post=18174"},{"taxonomy":"product_cat","embeddable":true,"href":"https:\/\/www.tuvendes.com.ar\/demo\/wp-json\/wp\/v2\/product_cat?post=18174"},{"taxonomy":"product_tag","embeddable":true,"href":"https:\/\/www.tuvendes.com.ar\/demo\/wp-json\/wp\/v2\/product_tag?post=18174"}],"curies":[{"name":"wp","href":"https:\/\/api.w.org\/{rel}","templated":true}]}}