{"id":18430,"date":"2025-01-26T22:06:18","date_gmt":"2025-01-26T22:06:18","guid":{"rendered":"https:\/\/www.tuvendes.com.ar\/demo\/?post_type=product&#038;p=18430"},"modified":"2025-08-22T12:03:22","modified_gmt":"2025-08-22T12:03:22","slug":"salvatraje","status":"publish","type":"product","link":"https:\/\/www.tuvendes.com.ar\/demo\/producto\/salvatraje\/","title":{"rendered":"Salvatraje"},"content":{"rendered":"<div class=\"consulta-contenedor\">\n<p>Nuestros Salvatrajes est\u00e1n hechos de PVC 200 micrones color blanco y se imprimen con el logo de su empresa hasta 2 colores.<\/p>\n<p>5\u00a0 d\u00edas h\u00e1biles de producci\u00f3n a partir de la aprobaci\u00f3n de los originales.<br \/>\nEn caso de que traiga su propio dise\u00f1o, preferimos en formato para PC y con la tipograf\u00eda pasada a curvas y una impresi\u00f3n testigo.<br \/>\nTambi\u00e9n recibimos los archivos por e-mail.<br \/>\nNo se cobra recargo por dise\u00f1o.<\/p>\n<\/div>\n","protected":false},"excerpt":{"rendered":"<p>Producto pensado para profesionales que desean evitar manchas de tinta desagradables en el bolsillo de sus guardapolvos, camisas, ambos etc. Utilice nuestros Salvatrajes Promocionales para evitar manchas molestas y, a la vez, promocionar su marca.<\/p>\n","protected":false},"featured_media":891,"template":"","meta":[],"product_brand":[],"product_cat":[124],"product_tag":[],"class_list":{"0":"post-18430","1":"product","2":"type-product","3":"status-publish","4":"has-post-thumbnail","6":"product_cat-elementi","7":"pa_custom-impresos-a-dos-colores","8":"pa_custom-sin-personalizacion","10":"first","11":"instock","12":"shipping-taxable","13":"purchasable","14":"product-type-variable"},"_links":{"self":[{"href":"https:\/\/www.tuvendes.com.ar\/demo\/wp-json\/wp\/v2\/product\/18430","targetHints":{"allow":["GET"]}}],"collection":[{"href":"https:\/\/www.tuvendes.com.ar\/demo\/wp-json\/wp\/v2\/product"}],"about":[{"href":"https:\/\/www.tuvendes.com.ar\/demo\/wp-json\/wp\/v2\/types\/product"}],"wp:featuredmedia":[{"embeddable":true,"href":"https:\/\/www.tuvendes.com.ar\/demo\/wp-json\/wp\/v2\/media\/891"}],"wp:attachment":[{"href":"https:\/\/www.tuvendes.com.ar\/demo\/wp-json\/wp\/v2\/media?parent=18430"}],"wp:term":[{"taxonomy":"product_brand","embeddable":true,"href":"https:\/\/www.tuvendes.com.ar\/demo\/wp-json\/wp\/v2\/product_brand?post=18430"},{"taxonomy":"product_cat","embeddable":true,"href":"https:\/\/www.tuvendes.com.ar\/demo\/wp-json\/wp\/v2\/product_cat?post=18430"},{"taxonomy":"product_tag","embeddable":true,"href":"https:\/\/www.tuvendes.com.ar\/demo\/wp-json\/wp\/v2\/product_tag?post=18430"}],"curies":[{"name":"wp","href":"https:\/\/api.w.org\/{rel}","templated":true}]}}