{"id":18782,"date":"2025-02-10T18:05:41","date_gmt":"2025-02-10T18:05:41","guid":{"rendered":"https:\/\/www.tuvendes.com.ar\/demo\/producto\/lapices-ecologicos\/"},"modified":"2025-08-27T20:09:14","modified_gmt":"2025-08-27T20:09:14","slug":"lapices-ecologicos","status":"publish","type":"product","link":"https:\/\/www.tuvendes.com.ar\/demo\/producto\/lapices-ecologicos\/","title":{"rendered":"L\u00c1PICES ECOL\u00d3GICOS"},"content":{"rendered":"<p>Cilindro de l\u00e1pices ecol\u00f3gicos.<br \/>\nContiene 8 l\u00e1pices de colores.<\/p>\n","protected":false},"excerpt":{"rendered":"<p>Cilindro de l\u00e1pices ecol\u00f3gicos. Contiene 8 l\u00e1pices de colores.<\/p>\n","protected":false},"featured_media":18784,"template":"","meta":[],"product_brand":[],"product_cat":[1037],"product_tag":[],"class_list":{"0":"post-18782","1":"product","2":"type-product","3":"status-publish","4":"has-post-thumbnail","6":"product_cat-megaimport","8":"first","9":"instock","10":"shipping-taxable","11":"purchasable","12":"product-type-variable"},"_links":{"self":[{"href":"https:\/\/www.tuvendes.com.ar\/demo\/wp-json\/wp\/v2\/product\/18782","targetHints":{"allow":["GET"]}}],"collection":[{"href":"https:\/\/www.tuvendes.com.ar\/demo\/wp-json\/wp\/v2\/product"}],"about":[{"href":"https:\/\/www.tuvendes.com.ar\/demo\/wp-json\/wp\/v2\/types\/product"}],"wp:featuredmedia":[{"embeddable":true,"href":"https:\/\/www.tuvendes.com.ar\/demo\/wp-json\/wp\/v2\/media\/18784"}],"wp:attachment":[{"href":"https:\/\/www.tuvendes.com.ar\/demo\/wp-json\/wp\/v2\/media?parent=18782"}],"wp:term":[{"taxonomy":"product_brand","embeddable":true,"href":"https:\/\/www.tuvendes.com.ar\/demo\/wp-json\/wp\/v2\/product_brand?post=18782"},{"taxonomy":"product_cat","embeddable":true,"href":"https:\/\/www.tuvendes.com.ar\/demo\/wp-json\/wp\/v2\/product_cat?post=18782"},{"taxonomy":"product_tag","embeddable":true,"href":"https:\/\/www.tuvendes.com.ar\/demo\/wp-json\/wp\/v2\/product_tag?post=18782"}],"curies":[{"name":"wp","href":"https:\/\/api.w.org\/{rel}","templated":true}]}}