{"id":18823,"date":"2025-02-10T18:05:55","date_gmt":"2025-02-10T18:05:55","guid":{"rendered":"https:\/\/www.tuvendes.com.ar\/demo\/producto\/gorro-piluso\/"},"modified":"2025-08-27T20:12:25","modified_gmt":"2025-08-27T20:12:25","slug":"gorro-piluso","status":"publish","type":"product","link":"https:\/\/www.tuvendes.com.ar\/demo\/producto\/gorro-piluso\/","title":{"rendered":"GORRO PILUSO"},"content":{"rendered":"<p>Gorro Piluso<\/p>\n<p>interior forrado.<\/p>\n<p>Composici\u00f3n 70 % poli\u00e9ster y 30% algod\u00f3n.<\/p>\n","protected":false},"excerpt":{"rendered":"<p>Gorro Piluso interior forrado. Composici\u00f3n 70 % poli\u00e9ster y 30% algod\u00f3n.<\/p>\n","protected":false},"featured_media":18832,"template":"","meta":[],"product_brand":[],"product_cat":[1037],"product_tag":[],"class_list":{"0":"post-18823","1":"product","2":"type-product","3":"status-publish","4":"has-post-thumbnail","6":"product_cat-megaimport","8":"first","9":"outofstock","10":"shipping-taxable","11":"purchasable","12":"product-type-variable"},"_links":{"self":[{"href":"https:\/\/www.tuvendes.com.ar\/demo\/wp-json\/wp\/v2\/product\/18823","targetHints":{"allow":["GET"]}}],"collection":[{"href":"https:\/\/www.tuvendes.com.ar\/demo\/wp-json\/wp\/v2\/product"}],"about":[{"href":"https:\/\/www.tuvendes.com.ar\/demo\/wp-json\/wp\/v2\/types\/product"}],"wp:featuredmedia":[{"embeddable":true,"href":"https:\/\/www.tuvendes.com.ar\/demo\/wp-json\/wp\/v2\/media\/18832"}],"wp:attachment":[{"href":"https:\/\/www.tuvendes.com.ar\/demo\/wp-json\/wp\/v2\/media?parent=18823"}],"wp:term":[{"taxonomy":"product_brand","embeddable":true,"href":"https:\/\/www.tuvendes.com.ar\/demo\/wp-json\/wp\/v2\/product_brand?post=18823"},{"taxonomy":"product_cat","embeddable":true,"href":"https:\/\/www.tuvendes.com.ar\/demo\/wp-json\/wp\/v2\/product_cat?post=18823"},{"taxonomy":"product_tag","embeddable":true,"href":"https:\/\/www.tuvendes.com.ar\/demo\/wp-json\/wp\/v2\/product_tag?post=18823"}],"curies":[{"name":"wp","href":"https:\/\/api.w.org\/{rel}","templated":true}]}}