{"id":1942,"date":"2024-11-12T19:50:27","date_gmt":"2024-11-12T19:50:27","guid":{"rendered":"https:\/\/www.tuvendes.com.ar\/demo\/producto\/broche-metalico-imantado\/"},"modified":"2025-08-21T20:44:58","modified_gmt":"2025-08-21T20:44:58","slug":"broche-metalico-imantado","status":"publish","type":"product","link":"https:\/\/www.tuvendes.com.ar\/demo\/producto\/broche-metalico-imantado\/","title":{"rendered":"Broche Met\u00e1lico Imantado"},"content":{"rendered":"<p>Los Broches Met\u00e1licos Imantados son una excelente opci\u00f3n de merchandising publicitario, ya que se les puede aplicar un Dome full color para destacar su marca y poseen un im\u00e1n por detr\u00e1s, lo que les da una fuerte adherencia a la superficie donde se los coloca.<\/p>\n<div>Pueden sostener hasta 50 hojas.<br \/>\nTama\u00f1o: 3 cm x 3,5 cm.\u00a0 Publicidad: Dome de 2,3 cm de di\u00e1metro.<\/div>\n","protected":false},"excerpt":{"rendered":"<p>Los Broches Met\u00e1licos Imantados son una excelente opci\u00f3n de merchandising publicitario, ya que se les puede aplicar un Dome full color para destacar su marca y poseen un im\u00e1n por detr\u00e1s, lo que les da una fuerte adherencia a la superficie donde se los coloca.<\/p>\n<div>Pueden sostener hasta 50 hojas.<br \/>\nTama\u00f1o: 3 cm x 3,5 cm.\u00a0 Publicidad: Dome de 2,3 cm de di\u00e1metro.<\/div>\n","protected":false},"featured_media":1943,"template":"","meta":[],"product_brand":[],"product_cat":[124],"product_tag":[],"class_list":{"0":"post-1942","1":"product","2":"type-product","3":"status-publish","4":"has-post-thumbnail","6":"product_cat-elementi","7":"pa_custom-impresion-full-color","9":"first","10":"instock","11":"shipping-taxable","12":"purchasable","13":"product-type-variable"},"_links":{"self":[{"href":"https:\/\/www.tuvendes.com.ar\/demo\/wp-json\/wp\/v2\/product\/1942","targetHints":{"allow":["GET"]}}],"collection":[{"href":"https:\/\/www.tuvendes.com.ar\/demo\/wp-json\/wp\/v2\/product"}],"about":[{"href":"https:\/\/www.tuvendes.com.ar\/demo\/wp-json\/wp\/v2\/types\/product"}],"wp:featuredmedia":[{"embeddable":true,"href":"https:\/\/www.tuvendes.com.ar\/demo\/wp-json\/wp\/v2\/media\/1943"}],"wp:attachment":[{"href":"https:\/\/www.tuvendes.com.ar\/demo\/wp-json\/wp\/v2\/media?parent=1942"}],"wp:term":[{"taxonomy":"product_brand","embeddable":true,"href":"https:\/\/www.tuvendes.com.ar\/demo\/wp-json\/wp\/v2\/product_brand?post=1942"},{"taxonomy":"product_cat","embeddable":true,"href":"https:\/\/www.tuvendes.com.ar\/demo\/wp-json\/wp\/v2\/product_cat?post=1942"},{"taxonomy":"product_tag","embeddable":true,"href":"https:\/\/www.tuvendes.com.ar\/demo\/wp-json\/wp\/v2\/product_tag?post=1942"}],"curies":[{"name":"wp","href":"https:\/\/api.w.org\/{rel}","templated":true}]}}