{"id":19593,"date":"2025-02-10T18:09:59","date_gmt":"2025-02-10T18:09:59","guid":{"rendered":"https:\/\/www.tuvendes.com.ar\/demo\/producto\/cargador-celular-con-despertador-y-parlante\/"},"modified":"2025-08-27T20:09:36","modified_gmt":"2025-08-27T20:09:36","slug":"cargador-celular-con-despertador-y-parlante","status":"publish","type":"product","link":"https:\/\/www.tuvendes.com.ar\/demo\/producto\/cargador-celular-con-despertador-y-parlante\/","title":{"rendered":"Cargador celular con despertador y parlante."},"content":{"rendered":"<p>Reloj despertador <strong>Smart<\/strong><\/p>\n<p>Dise\u00f1o minimalista moderno, ideal para escritorio o dormitorio.<\/p>\n<p>Permite conexi\u00f3n bluetooth para escuchar tu m\u00fasica favorita, o hablar por tel\u00e9fono, dado que posee micr\u00f3fono incorporado.<\/p>\n<p>sonido claro gracias a sus 2 parlantes de 2.5 W.<\/p>\n<p>Posee carga inal\u00e1mbrica en su parte superior (para tel\u00e9fonos con tecnolog\u00eda\u00a0<span class=\"Y2IQFc\" lang=\"en\">wireless charging), t<\/span>ambi\u00e9n se puede cargar a trav\u00e9s del puerto USB trasero.<\/p>\n<p>Funci\u00f3n: hora, despertador, temperatura, fecha.<\/p>\n<p>Tiene 3 alarmas programables<\/p>\n<p>Display digital de 3 intensidades lum\u00ednicas<\/p>\n<p>ESPECIFICACIONES TECNICAS<\/p>\n<p>Input power: 5v\/3A<\/p>\n<p>USB output: 5v\/1A<\/p>\n<p>Wireless Output: 5v\/1A\u00a0 5W<\/p>\n<p>Potencia: 2.5 W<\/p>\n<p>Base antideslizante<\/p>\n<p>Material: Pl\u00e1stico ABS<\/p>\n<p>Medidas: 16 x 4,5 x 7,7 cm<\/p>\n<p>Incluye: Cable USB-tipoC<\/p>\n<p>&nbsp;<\/p>\n<p>&nbsp;<\/p>\n","protected":false},"excerpt":{"rendered":"<p>Reloj despertador Smart Dise\u00f1o minimalista moderno, ideal para escritorio o dormitorio. Permite conexi\u00f3n bluetooth para escuchar tu m\u00fasica favorita, o<\/p>\n","protected":false},"featured_media":19595,"template":"","meta":[],"product_brand":[],"product_cat":[1037],"product_tag":[],"class_list":{"0":"post-19593","1":"product","2":"type-product","3":"status-publish","4":"has-post-thumbnail","6":"product_cat-megaimport","8":"first","9":"instock","10":"shipping-taxable","11":"purchasable","12":"product-type-variable"},"_links":{"self":[{"href":"https:\/\/www.tuvendes.com.ar\/demo\/wp-json\/wp\/v2\/product\/19593","targetHints":{"allow":["GET"]}}],"collection":[{"href":"https:\/\/www.tuvendes.com.ar\/demo\/wp-json\/wp\/v2\/product"}],"about":[{"href":"https:\/\/www.tuvendes.com.ar\/demo\/wp-json\/wp\/v2\/types\/product"}],"wp:featuredmedia":[{"embeddable":true,"href":"https:\/\/www.tuvendes.com.ar\/demo\/wp-json\/wp\/v2\/media\/19595"}],"wp:attachment":[{"href":"https:\/\/www.tuvendes.com.ar\/demo\/wp-json\/wp\/v2\/media?parent=19593"}],"wp:term":[{"taxonomy":"product_brand","embeddable":true,"href":"https:\/\/www.tuvendes.com.ar\/demo\/wp-json\/wp\/v2\/product_brand?post=19593"},{"taxonomy":"product_cat","embeddable":true,"href":"https:\/\/www.tuvendes.com.ar\/demo\/wp-json\/wp\/v2\/product_cat?post=19593"},{"taxonomy":"product_tag","embeddable":true,"href":"https:\/\/www.tuvendes.com.ar\/demo\/wp-json\/wp\/v2\/product_tag?post=19593"}],"curies":[{"name":"wp","href":"https:\/\/api.w.org\/{rel}","templated":true}]}}