{"id":19594,"date":"2025-02-10T18:10:00","date_gmt":"2025-02-10T18:10:00","guid":{"rendered":"https:\/\/www.tuvendes.com.ar\/demo\/producto\/botella-spin\/"},"modified":"2025-08-27T20:13:50","modified_gmt":"2025-08-27T20:13:50","slug":"botella-spin","status":"publish","type":"product","link":"https:\/\/www.tuvendes.com.ar\/demo\/producto\/botella-spin\/","title":{"rendered":"BOTELLA SPIN"},"content":{"rendered":"<p>Carama\u00f1ola t\u00e9rmica <strong>SPIN<\/strong> de 525 cc<br \/>\nMaterial doble aislaci\u00f3n de acero inoxidable.<br \/>\nTapa a rosca con cierre herm\u00e9tico.<br \/>\nAprobadas por<\/p>\n<p><img decoding=\"async\" src=\"https:\/\/megaimport.com.ar\/wp-content\/uploads\/2019\/12\/INAL-LOCO-WEB-OK.png\" alt=\"INAL\" \/><\/p>\n<p>Color Blanco. Apta sublimaci\u00f3n.<\/p>\n","protected":false},"excerpt":{"rendered":"<p>Carama\u00f1ola t\u00e9rmica SPIN de 525 cc Material doble aislaci\u00f3n de acero inoxidable. Tapa a rosca con cierre herm\u00e9tico. Aprobadas por<\/p>\n","protected":false},"featured_media":19598,"template":"","meta":[],"product_brand":[],"product_cat":[1037],"product_tag":[],"class_list":{"0":"post-19594","1":"product","2":"type-product","3":"status-publish","4":"has-post-thumbnail","6":"product_cat-megaimport","8":"first","9":"instock","10":"shipping-taxable","11":"purchasable","12":"product-type-variable"},"_links":{"self":[{"href":"https:\/\/www.tuvendes.com.ar\/demo\/wp-json\/wp\/v2\/product\/19594","targetHints":{"allow":["GET"]}}],"collection":[{"href":"https:\/\/www.tuvendes.com.ar\/demo\/wp-json\/wp\/v2\/product"}],"about":[{"href":"https:\/\/www.tuvendes.com.ar\/demo\/wp-json\/wp\/v2\/types\/product"}],"wp:featuredmedia":[{"embeddable":true,"href":"https:\/\/www.tuvendes.com.ar\/demo\/wp-json\/wp\/v2\/media\/19598"}],"wp:attachment":[{"href":"https:\/\/www.tuvendes.com.ar\/demo\/wp-json\/wp\/v2\/media?parent=19594"}],"wp:term":[{"taxonomy":"product_brand","embeddable":true,"href":"https:\/\/www.tuvendes.com.ar\/demo\/wp-json\/wp\/v2\/product_brand?post=19594"},{"taxonomy":"product_cat","embeddable":true,"href":"https:\/\/www.tuvendes.com.ar\/demo\/wp-json\/wp\/v2\/product_cat?post=19594"},{"taxonomy":"product_tag","embeddable":true,"href":"https:\/\/www.tuvendes.com.ar\/demo\/wp-json\/wp\/v2\/product_tag?post=19594"}],"curies":[{"name":"wp","href":"https:\/\/api.w.org\/{rel}","templated":true}]}}