{"id":1981,"date":"2024-11-12T19:50:45","date_gmt":"2024-11-12T19:50:45","guid":{"rendered":"https:\/\/www.tuvendes.com.ar\/demo\/producto\/boligrafo-metalizado-cuarzo-plata\/"},"modified":"2025-08-28T12:03:31","modified_gmt":"2025-08-28T12:03:31","slug":"boligrafo-metalizado-cuarzo-plata","status":"publish","type":"product","link":"https:\/\/www.tuvendes.com.ar\/demo\/producto\/boligrafo-metalizado-cuarzo-plata\/","title":{"rendered":"Bol\u00edgrafo Metalizado Cuarzo Plata"},"content":{"rendered":"<p>Bol\u00edgrafo retr\u00e1ctil de cuerpo metalizado con bot\u00f3n y clip metalizados brillantes. La impresi\u00f3n se realiza por proceso tampogr\u00e1fico o impresi\u00f3n full color con tintas UV.. El \u00e1rea m\u00e1xima de impresi\u00f3n de este bol\u00edgrafo (o birome) es de 7 mm. de alto x 60 mm. de largo y el color de la tinta de escritura es negro.<\/p>\n","protected":false},"excerpt":{"rendered":"<p>De delicadas l\u00edneas, este bol\u00edgrafo tiene dos aros metalizados brillantes cerca del grip, que lo hacen un bol\u00edgrafo ideal para obsequios de promoci\u00f3n elegantes. La impresi\u00f3n se realiza por proceso tampogr\u00e1fico o impresi\u00f3n full color con tintas UV. El \u00e1rea m\u00e1xima de impresi\u00f3n de este bol\u00edgrafo (o birome) es de 7 mm. de alto x 60 mm. de largo.<\/p>\n","protected":false},"featured_media":1985,"template":"","meta":[],"product_brand":[],"product_cat":[124],"product_tag":[],"class_list":{"0":"post-1981","1":"product","2":"type-product","3":"status-publish","4":"has-post-thumbnail","6":"product_cat-elementi","7":"pa_custom-impresion-full-color","8":"pa_custom-sin-personalizacion","10":"first","11":"instock","12":"shipping-taxable","13":"purchasable","14":"product-type-variable"},"_links":{"self":[{"href":"https:\/\/www.tuvendes.com.ar\/demo\/wp-json\/wp\/v2\/product\/1981","targetHints":{"allow":["GET"]}}],"collection":[{"href":"https:\/\/www.tuvendes.com.ar\/demo\/wp-json\/wp\/v2\/product"}],"about":[{"href":"https:\/\/www.tuvendes.com.ar\/demo\/wp-json\/wp\/v2\/types\/product"}],"wp:featuredmedia":[{"embeddable":true,"href":"https:\/\/www.tuvendes.com.ar\/demo\/wp-json\/wp\/v2\/media\/1985"}],"wp:attachment":[{"href":"https:\/\/www.tuvendes.com.ar\/demo\/wp-json\/wp\/v2\/media?parent=1981"}],"wp:term":[{"taxonomy":"product_brand","embeddable":true,"href":"https:\/\/www.tuvendes.com.ar\/demo\/wp-json\/wp\/v2\/product_brand?post=1981"},{"taxonomy":"product_cat","embeddable":true,"href":"https:\/\/www.tuvendes.com.ar\/demo\/wp-json\/wp\/v2\/product_cat?post=1981"},{"taxonomy":"product_tag","embeddable":true,"href":"https:\/\/www.tuvendes.com.ar\/demo\/wp-json\/wp\/v2\/product_tag?post=1981"}],"curies":[{"name":"wp","href":"https:\/\/api.w.org\/{rel}","templated":true}]}}