{"id":20507,"date":"2025-02-11T14:50:06","date_gmt":"2025-02-11T14:50:06","guid":{"rendered":"https:\/\/www.tuvendes.com.ar\/demo\/producto\/cargador-inalambrico-eco-3-en-1\/"},"modified":"2026-04-17T20:10:42","modified_gmt":"2026-04-17T20:10:42","slug":"cargador-inalambrico-eco-3-en-1","status":"publish","type":"product","link":"https:\/\/www.tuvendes.com.ar\/demo\/producto\/cargador-inalambrico-eco-3-en-1\/","title":{"rendered":"Cargador Inal\u00e1mbrico Eco 3 en 1"},"content":{"rendered":"<p>Cargador inal\u00e1mbrico magn\u00e9tico plegable ultrarr\u00e1pido elaborado en ABS reciclado. Permite cargar hasta 3 dispositivos inal\u00e1mbricos en simult\u00e1neo: 1) smartphone de 15W, 2) auriculares de 5W y 3) smartwatch de 2,5W. Incluye packaging: caja de papel kraft de 11 x 9 x 3,6 cm.Gracias a su capacidad magn\u00e9tica y carga inal\u00e1mbrica, es f\u00e1cil sujetar el smartphone al soporte mientras se carga. Para smartphones que no tengan la funci\u00f3n magn\u00e9tica, contiene un anillo magn\u00e9tico extra.Ideal para usar tanto en la oficina como de viaje, al ser port\u00e1til.Compatible con dispositivos m\u00f3viles con tecnolog\u00eda de carga inal\u00e1mbrica. Incluye cable USB-C.<\/p>\n","protected":false},"excerpt":{"rendered":"<p>Cargador inal\u00e1mbrico magn\u00e9tico plegable ultrarr\u00e1pido elaborado en ABS reciclado. Permite cargar hasta 3 dispositivos inal\u00e1mbricos en simult\u00e1neo: 1) smartphone de<\/p>\n","protected":false},"featured_media":20508,"template":"","meta":[],"product_brand":[],"product_cat":[1841,1847,1756],"product_tag":[],"class_list":{"0":"post-20507","1":"product","2":"type-product","3":"status-publish","4":"has-post-thumbnail","6":"product_cat-ecologicos","7":"product_cat-mobile","8":"product_cat-tecnologia","10":"first","11":"outofstock","12":"shipping-taxable","13":"purchasable","14":"product-type-variable"},"_links":{"self":[{"href":"https:\/\/www.tuvendes.com.ar\/demo\/wp-json\/wp\/v2\/product\/20507","targetHints":{"allow":["GET"]}}],"collection":[{"href":"https:\/\/www.tuvendes.com.ar\/demo\/wp-json\/wp\/v2\/product"}],"about":[{"href":"https:\/\/www.tuvendes.com.ar\/demo\/wp-json\/wp\/v2\/types\/product"}],"wp:featuredmedia":[{"embeddable":true,"href":"https:\/\/www.tuvendes.com.ar\/demo\/wp-json\/wp\/v2\/media\/20508"}],"wp:attachment":[{"href":"https:\/\/www.tuvendes.com.ar\/demo\/wp-json\/wp\/v2\/media?parent=20507"}],"wp:term":[{"taxonomy":"product_brand","embeddable":true,"href":"https:\/\/www.tuvendes.com.ar\/demo\/wp-json\/wp\/v2\/product_brand?post=20507"},{"taxonomy":"product_cat","embeddable":true,"href":"https:\/\/www.tuvendes.com.ar\/demo\/wp-json\/wp\/v2\/product_cat?post=20507"},{"taxonomy":"product_tag","embeddable":true,"href":"https:\/\/www.tuvendes.com.ar\/demo\/wp-json\/wp\/v2\/product_tag?post=20507"}],"curies":[{"name":"wp","href":"https:\/\/api.w.org\/{rel}","templated":true}]}}