{"id":208,"date":"2024-11-12T19:41:32","date_gmt":"2024-11-12T19:41:32","guid":{"rendered":"https:\/\/www.tuvendes.com.ar\/demo\/producto\/boligrafo-zafiro-win\/"},"modified":"2025-08-28T12:03:11","modified_gmt":"2025-08-28T12:03:11","slug":"boligrafo-zafiro-win","status":"publish","type":"product","link":"https:\/\/www.tuvendes.com.ar\/demo\/producto\/boligrafo-zafiro-win\/","title":{"rendered":"Bol\u00edgrafo Zafiro Win"},"content":{"rendered":"<p>Los Bol\u00edgrafos Zafiro tienen cuerpo blanco. El bot\u00f3n y puntera de este bol\u00edgrafo (o birome) es de pl\u00e1stico plateado mate. Su cuerpo es redondo y blanco. Posee un clip de metal con detalles de color, grip de goma color con efecto frost y trama antideslizante; y un tanque de tinta tipo \u00abParker\u00bb, para una escritura suave y veloz. Este bol\u00edgrafo combina practicidad y elegancia, lo que lo hace ideal para regalar.<\/p>\n","protected":false},"excerpt":{"rendered":"<p>Los Bol\u00edgrafos Zafiro tienen cuerpo blanco y son los bol\u00edgrafos pl\u00e1sticos de m\u00e1s alta gama. El bot\u00f3n y puntera de este bol\u00edgrafo (o birome) es de pl\u00e1stico plateado mate. Tinta standard de escritura negra. Se imprime o bien por sistema tampografico, o por impresi\u00f3n full color con tintas UV<\/p>\n","protected":false},"featured_media":234,"template":"","meta":[],"product_brand":[],"product_cat":[124],"product_tag":[],"class_list":{"0":"post-208","1":"product","2":"type-product","3":"status-publish","4":"has-post-thumbnail","6":"product_cat-elementi","7":"pa_custom-impresion-full-color","8":"pa_custom-sin-personalizacion","10":"first","11":"instock","12":"shipping-taxable","13":"purchasable","14":"product-type-variable"},"_links":{"self":[{"href":"https:\/\/www.tuvendes.com.ar\/demo\/wp-json\/wp\/v2\/product\/208","targetHints":{"allow":["GET"]}}],"collection":[{"href":"https:\/\/www.tuvendes.com.ar\/demo\/wp-json\/wp\/v2\/product"}],"about":[{"href":"https:\/\/www.tuvendes.com.ar\/demo\/wp-json\/wp\/v2\/types\/product"}],"wp:featuredmedia":[{"embeddable":true,"href":"https:\/\/www.tuvendes.com.ar\/demo\/wp-json\/wp\/v2\/media\/234"}],"wp:attachment":[{"href":"https:\/\/www.tuvendes.com.ar\/demo\/wp-json\/wp\/v2\/media?parent=208"}],"wp:term":[{"taxonomy":"product_brand","embeddable":true,"href":"https:\/\/www.tuvendes.com.ar\/demo\/wp-json\/wp\/v2\/product_brand?post=208"},{"taxonomy":"product_cat","embeddable":true,"href":"https:\/\/www.tuvendes.com.ar\/demo\/wp-json\/wp\/v2\/product_cat?post=208"},{"taxonomy":"product_tag","embeddable":true,"href":"https:\/\/www.tuvendes.com.ar\/demo\/wp-json\/wp\/v2\/product_tag?post=208"}],"curies":[{"name":"wp","href":"https:\/\/api.w.org\/{rel}","templated":true}]}}