{"id":21996,"date":"2025-03-26T22:11:34","date_gmt":"2025-03-26T22:11:34","guid":{"rendered":"https:\/\/www.tuvendes.com.ar\/demo\/producto\/set-boligrafo-y-lapiz-lautrec-3w010\/"},"modified":"2025-08-27T20:09:25","modified_gmt":"2025-08-27T20:09:25","slug":"set-boligrafo-y-lapiz-lautrec-3w010","status":"publish","type":"product","link":"https:\/\/www.tuvendes.com.ar\/demo\/producto\/set-boligrafo-y-lapiz-lautrec-3w010\/","title":{"rendered":"Set Bol\u00edgrafo y L\u00e1piz LAUTREC 3W010"},"content":{"rendered":"<p>&nbsp;<\/p>\n<p>Set de Bol\u00edgrafo y L\u00e1piz mec\u00e1nico modelo<strong> Lautrec<\/strong><\/p>\n<p>Bol\u00edgrafo retr\u00e1ctil y l\u00e1piz mec\u00e1nico.<\/p>\n<p>L\u00e1piz con mina de grafito. Mecanismo de apertura retr\u00e1ctil.<\/p>\n<p>Ambos con cuerpo pl\u00e1stico negro, clip y punta gris metalizada.<\/p>\n<p>Estuche pl\u00e1stico transparente.<\/p>\n<p>Medidas: 14,6 cm x 1 cm. (Bol\u00edgrafo \/ L\u00e1piz)<\/p>\n<p>Medida del Estuche: 16,7 x 4cm<\/p>\n<p>&nbsp;<\/p>\n","protected":false},"excerpt":{"rendered":"<blockquote>\n<h6 style=\"text-align: left\">Aplicaci\u00f3n de logo:<\/h6>\n<\/blockquote>\n<p><!--more--><\/p>\n<h6 style=\"text-align: left\">\u00a0 \u00a0 \u00a0 \u00a0 \u00a0 \u00a0 \u00a0 \u00a0 \u00a0 \u00a0 \u00a0 \u00a0 \u00a0 \u00a0 \u00a0 \u00a0 \u00a0 \u00a0 \u00a0 \u00a0 \u00a0 \u00a0 \u00a0 \u00a0 \u00a0 \u00a0 \u00a0 \u00a0 \u00a0 \u00a0 \u00a0 <img loading=\"lazy\" decoding=\"async\" class=\"alignnone wp-image-6608\" src=\"https:\/\/nuevasformas.com.ar\/wp-content\/uploads\/2022\/11\/tampografia1-300x300.png\" alt=\"\" width=\"25\" height=\"25\" \/>\u00a0 Tampograf\u00eda<\/h6>\n<h6 style=\"text-align: left\">\u00a0 \u00a0 \u00a0 \u00a0 \u00a0 \u00a0 \u00a0 \u00a0 \u00a0 \u00a0 \u00a0 \u00a0 \u00a0 \u00a0 \u00a0 \u00a0 \u00a0 \u00a0 \u00a0 \u00a0 \u00a0 \u00a0 \u00a0 \u00a0 \u00a0 \u00a0 \u00a0 \u00a0 \u00a0 \u00a0 \u00a0 <img loading=\"lazy\" decoding=\"async\" class=\"alignnone wp-image-6607\" src=\"https:\/\/nuevasformas.com.ar\/wp-content\/uploads\/2022\/11\/cmyk1-300x300.png\" alt=\"\" width=\"25\" height=\"25\" \/>\u00a0 Digital Full Color<\/h6>\n<p>&nbsp;<\/p>\n<p><!--more--><\/p>\n","protected":false},"featured_media":22016,"template":"","meta":[],"product_brand":[],"product_cat":[1095],"product_tag":[],"class_list":{"0":"post-21996","1":"product","2":"type-product","3":"status-publish","4":"has-post-thumbnail","6":"product_cat-nuevas-formas","8":"first","9":"instock","10":"shipping-taxable","11":"purchasable","12":"product-type-variable"},"_links":{"self":[{"href":"https:\/\/www.tuvendes.com.ar\/demo\/wp-json\/wp\/v2\/product\/21996","targetHints":{"allow":["GET"]}}],"collection":[{"href":"https:\/\/www.tuvendes.com.ar\/demo\/wp-json\/wp\/v2\/product"}],"about":[{"href":"https:\/\/www.tuvendes.com.ar\/demo\/wp-json\/wp\/v2\/types\/product"}],"wp:featuredmedia":[{"embeddable":true,"href":"https:\/\/www.tuvendes.com.ar\/demo\/wp-json\/wp\/v2\/media\/22016"}],"wp:attachment":[{"href":"https:\/\/www.tuvendes.com.ar\/demo\/wp-json\/wp\/v2\/media?parent=21996"}],"wp:term":[{"taxonomy":"product_brand","embeddable":true,"href":"https:\/\/www.tuvendes.com.ar\/demo\/wp-json\/wp\/v2\/product_brand?post=21996"},{"taxonomy":"product_cat","embeddable":true,"href":"https:\/\/www.tuvendes.com.ar\/demo\/wp-json\/wp\/v2\/product_cat?post=21996"},{"taxonomy":"product_tag","embeddable":true,"href":"https:\/\/www.tuvendes.com.ar\/demo\/wp-json\/wp\/v2\/product_tag?post=21996"}],"curies":[{"name":"wp","href":"https:\/\/api.w.org\/{rel}","templated":true}]}}