{"id":23575,"date":"2025-04-28T14:45:54","date_gmt":"2025-04-28T14:45:54","guid":{"rendered":"https:\/\/www.tuvendes.com.ar\/demo\/producto\/jarro-double\/"},"modified":"2026-04-20T15:17:28","modified_gmt":"2026-04-20T15:17:28","slug":"jarro-double","status":"publish","type":"product","link":"https:\/\/www.tuvendes.com.ar\/demo\/producto\/jarro-double\/","title":{"rendered":"Jarro Double"},"content":{"rendered":"<p>Jarro confeccionado en cer\u00e1mica y base de corcho removible, que aporta un toque natural.<br \/>\nCon una capacidad de 390 ml, es ideal para caf\u00e9, t\u00e9 o cualquier infusi\u00f3n, en la oficina o en casa, d\u00e1ndote ese momento de pausa que tanto mereces. <\/p>\n<p>No es apto para lavavajillas. No es apto para microondas.<\/p>\n<p>Tahg.<\/p>\n","protected":false},"excerpt":{"rendered":"<p>Jarro confeccionado en cer\u00e1mica y base de corcho removible, que aporta un toque natural. Con una capacidad de 390 ml,<\/p>\n","protected":false},"featured_media":45358,"template":"","meta":[],"product_brand":[1891],"product_cat":[1752],"product_tag":[],"class_list":{"0":"post-23575","1":"product","2":"type-product","3":"status-publish","4":"has-post-thumbnail","6":"product_brand-tahg","7":"product_cat-drinkware","8":"pa_variant-blanco-ceramica","10":"first","11":"instock","12":"shipping-taxable","13":"purchasable","14":"product-type-variable"},"_links":{"self":[{"href":"https:\/\/www.tuvendes.com.ar\/demo\/wp-json\/wp\/v2\/product\/23575","targetHints":{"allow":["GET"]}}],"collection":[{"href":"https:\/\/www.tuvendes.com.ar\/demo\/wp-json\/wp\/v2\/product"}],"about":[{"href":"https:\/\/www.tuvendes.com.ar\/demo\/wp-json\/wp\/v2\/types\/product"}],"wp:featuredmedia":[{"embeddable":true,"href":"https:\/\/www.tuvendes.com.ar\/demo\/wp-json\/wp\/v2\/media\/45358"}],"wp:attachment":[{"href":"https:\/\/www.tuvendes.com.ar\/demo\/wp-json\/wp\/v2\/media?parent=23575"}],"wp:term":[{"taxonomy":"product_brand","embeddable":true,"href":"https:\/\/www.tuvendes.com.ar\/demo\/wp-json\/wp\/v2\/product_brand?post=23575"},{"taxonomy":"product_cat","embeddable":true,"href":"https:\/\/www.tuvendes.com.ar\/demo\/wp-json\/wp\/v2\/product_cat?post=23575"},{"taxonomy":"product_tag","embeddable":true,"href":"https:\/\/www.tuvendes.com.ar\/demo\/wp-json\/wp\/v2\/product_tag?post=23575"}],"curies":[{"name":"wp","href":"https:\/\/api.w.org\/{rel}","templated":true}]}}