{"id":25261,"date":"2025-05-08T21:36:33","date_gmt":"2025-05-08T21:36:33","guid":{"rendered":"https:\/\/www.tuvendes.com.ar\/demo\/producto\/botella-pasadena\/"},"modified":"2026-04-17T22:18:03","modified_gmt":"2026-04-17T22:18:03","slug":"botella-pasadena","status":"publish","type":"product","link":"https:\/\/www.tuvendes.com.ar\/demo\/producto\/botella-pasadena\/","title":{"rendered":"Botella Pasadena"},"content":{"rendered":"<p>Botella t\u00e9rmica de doble pared de acero inoxidable y tapa de bamb\u00fa con capacidad de 500 ml. Mantiene las bebidas fr\u00edas por 24 horas y calientes durante 12 horas. Ideal para deporte o uso diario.<br \/>\nProducto libre de BPA, aprobado por el I.N.A.L. para el contacto con alimentos. <\/p>\n<p>No es apto para lavavajillas. No es apto para microondas.<\/p>\n<p>ReUseMe<\/p>\n","protected":false},"excerpt":{"rendered":"<p>Botella t\u00e9rmica de doble pared de acero inoxidable y tapa de bamb\u00fa con capacidad de 500 ml. Mantiene las bebidas<\/p>\n","protected":false},"featured_media":44908,"template":"","meta":[],"product_brand":[1896],"product_cat":[1752,1755],"product_tag":[],"class_list":{"0":"post-25261","1":"product","2":"type-product","3":"status-publish","4":"has-post-thumbnail","6":"product_brand-re-use-me","7":"product_cat-drinkware","8":"product_cat-sustentables","9":"pa_variant-blanco-blanco-bamboo","10":"pa_variant-negro-negro-bamboo","12":"first","13":"instock","14":"shipping-taxable","15":"purchasable","16":"product-type-variable"},"_links":{"self":[{"href":"https:\/\/www.tuvendes.com.ar\/demo\/wp-json\/wp\/v2\/product\/25261","targetHints":{"allow":["GET"]}}],"collection":[{"href":"https:\/\/www.tuvendes.com.ar\/demo\/wp-json\/wp\/v2\/product"}],"about":[{"href":"https:\/\/www.tuvendes.com.ar\/demo\/wp-json\/wp\/v2\/types\/product"}],"wp:featuredmedia":[{"embeddable":true,"href":"https:\/\/www.tuvendes.com.ar\/demo\/wp-json\/wp\/v2\/media\/44908"}],"wp:attachment":[{"href":"https:\/\/www.tuvendes.com.ar\/demo\/wp-json\/wp\/v2\/media?parent=25261"}],"wp:term":[{"taxonomy":"product_brand","embeddable":true,"href":"https:\/\/www.tuvendes.com.ar\/demo\/wp-json\/wp\/v2\/product_brand?post=25261"},{"taxonomy":"product_cat","embeddable":true,"href":"https:\/\/www.tuvendes.com.ar\/demo\/wp-json\/wp\/v2\/product_cat?post=25261"},{"taxonomy":"product_tag","embeddable":true,"href":"https:\/\/www.tuvendes.com.ar\/demo\/wp-json\/wp\/v2\/product_tag?post=25261"}],"curies":[{"name":"wp","href":"https:\/\/api.w.org\/{rel}","templated":true}]}}