{"id":25317,"date":"2025-05-08T21:41:50","date_gmt":"2025-05-08T21:41:50","guid":{"rendered":"https:\/\/www.tuvendes.com.ar\/demo\/producto\/base-clog\/"},"modified":"2026-05-01T10:06:54","modified_gmt":"2026-05-01T10:06:54","slug":"base-clog","status":"publish","type":"product","link":"https:\/\/www.tuvendes.com.ar\/demo\/producto\/base-clog\/","title":{"rendered":"Base Clog"},"content":{"rendered":"<p>Soporte de escritorio para celular fabricado en bamb\u00fa. Pr\u00e1ctico, liviano y f\u00e1cil de transportar, es el accesorio perfecto para mantener tu dispositivo estable mientras realizas videollamadas, ves contenido o trabajas c\u00f3modamente, tanto en casa como fuera de ella.<br \/>\nTahg<\/p>\n<p>Dimensiones<\/p>\n<p>Del producto:<br \/>\n 1.9x7x2.5 cm.<br \/>\n Peso unitario: 20 g.<br \/>\n Empaque individual: Caja + Bolsa PLA Interna.<\/p>\n<p>Del empaque:<br \/>\n 36x23x37 cm.<br \/>\n Peso unitario: 12000 g.<br \/>\n Unidades por caja: 600.<\/p>\n","protected":false},"excerpt":{"rendered":"<p>Soporte de escritorio para celular fabricado en bamb\u00fa. Pr\u00e1ctico, liviano y f\u00e1cil de transportar, es el accesorio perfecto para mantener<\/p>\n","protected":false},"featured_media":49097,"template":"","meta":[],"product_brand":[1891],"product_cat":[1754,1780,1756],"product_tag":[],"class_list":{"0":"post-25317","1":"product","2":"type-product","3":"status-publish","4":"has-post-thumbnail","6":"product_brand-tahg","7":"product_cat-escritorio","8":"product_cat-proximos-arribos","9":"product_cat-tecnologia","10":"pa_variant-natural-bamboo","12":"first","13":"outofstock","14":"shipping-taxable","15":"purchasable","16":"product-type-variable"},"_links":{"self":[{"href":"https:\/\/www.tuvendes.com.ar\/demo\/wp-json\/wp\/v2\/product\/25317","targetHints":{"allow":["GET"]}}],"collection":[{"href":"https:\/\/www.tuvendes.com.ar\/demo\/wp-json\/wp\/v2\/product"}],"about":[{"href":"https:\/\/www.tuvendes.com.ar\/demo\/wp-json\/wp\/v2\/types\/product"}],"wp:featuredmedia":[{"embeddable":true,"href":"https:\/\/www.tuvendes.com.ar\/demo\/wp-json\/wp\/v2\/media\/49097"}],"wp:attachment":[{"href":"https:\/\/www.tuvendes.com.ar\/demo\/wp-json\/wp\/v2\/media?parent=25317"}],"wp:term":[{"taxonomy":"product_brand","embeddable":true,"href":"https:\/\/www.tuvendes.com.ar\/demo\/wp-json\/wp\/v2\/product_brand?post=25317"},{"taxonomy":"product_cat","embeddable":true,"href":"https:\/\/www.tuvendes.com.ar\/demo\/wp-json\/wp\/v2\/product_cat?post=25317"},{"taxonomy":"product_tag","embeddable":true,"href":"https:\/\/www.tuvendes.com.ar\/demo\/wp-json\/wp\/v2\/product_tag?post=25317"}],"curies":[{"name":"wp","href":"https:\/\/api.w.org\/{rel}","templated":true}]}}