{"id":25364,"date":"2025-05-10T00:08:44","date_gmt":"2025-05-10T00:08:44","guid":{"rendered":"https:\/\/www.tuvendes.com.ar\/demo\/producto\/caja-individual-boligrafo\/"},"modified":"2026-04-20T14:20:21","modified_gmt":"2026-04-20T14:20:21","slug":"caja-individual-boligrafo","status":"publish","type":"product","link":"https:\/\/www.tuvendes.com.ar\/demo\/producto\/caja-individual-boligrafo\/","title":{"rendered":"Caja individual boligrafo"},"content":{"rendered":"<p>Caja individual para bol\u00edgrafos, ideal para presentar tu regalo de manera sofisticada y profesional. Dise\u00f1ada en papel color negro y un tama\u00f1o de 16,3 x 3 x 2 cm, es compatible con la mayor\u00eda de las lapiceras est\u00e1ndar. Ligera y resistente, es excelente para aumentar el valor percibido del regalo.<br \/>\nTahg.<br \/>\nNO INCLUYE BOL\u00cdGRAFO.<\/p>\n","protected":false},"excerpt":{"rendered":"<p>Caja individual para bol\u00edgrafos, ideal para presentar tu regalo de manera sofisticada y profesional. Dise\u00f1ada en papel color negro y<\/p>\n","protected":false},"featured_media":45397,"template":"","meta":[],"product_brand":[1891],"product_cat":[1754,1761],"product_tag":[],"class_list":{"0":"post-25364","1":"product","2":"type-product","3":"status-publish","4":"has-post-thumbnail","6":"product_brand-tahg","7":"product_cat-escritorio","8":"product_cat-escritura","9":"pa_variant-negro-negro-papel","11":"first","12":"instock","13":"shipping-taxable","14":"purchasable","15":"product-type-variable"},"_links":{"self":[{"href":"https:\/\/www.tuvendes.com.ar\/demo\/wp-json\/wp\/v2\/product\/25364","targetHints":{"allow":["GET"]}}],"collection":[{"href":"https:\/\/www.tuvendes.com.ar\/demo\/wp-json\/wp\/v2\/product"}],"about":[{"href":"https:\/\/www.tuvendes.com.ar\/demo\/wp-json\/wp\/v2\/types\/product"}],"wp:featuredmedia":[{"embeddable":true,"href":"https:\/\/www.tuvendes.com.ar\/demo\/wp-json\/wp\/v2\/media\/45397"}],"wp:attachment":[{"href":"https:\/\/www.tuvendes.com.ar\/demo\/wp-json\/wp\/v2\/media?parent=25364"}],"wp:term":[{"taxonomy":"product_brand","embeddable":true,"href":"https:\/\/www.tuvendes.com.ar\/demo\/wp-json\/wp\/v2\/product_brand?post=25364"},{"taxonomy":"product_cat","embeddable":true,"href":"https:\/\/www.tuvendes.com.ar\/demo\/wp-json\/wp\/v2\/product_cat?post=25364"},{"taxonomy":"product_tag","embeddable":true,"href":"https:\/\/www.tuvendes.com.ar\/demo\/wp-json\/wp\/v2\/product_tag?post=25364"}],"curies":[{"name":"wp","href":"https:\/\/api.w.org\/{rel}","templated":true}]}}