{"id":25395,"date":"2025-05-13T21:36:05","date_gmt":"2025-05-13T21:36:05","guid":{"rendered":"https:\/\/www.tuvendes.com.ar\/demo\/producto\/porta-objetos-square\/"},"modified":"2026-04-30T20:36:31","modified_gmt":"2026-04-30T20:36:31","slug":"porta-objetos-square","status":"publish","type":"product","link":"https:\/\/www.tuvendes.com.ar\/demo\/producto\/porta-objetos-square\/","title":{"rendered":"Porta Objetos SQUARE"},"content":{"rendered":"<p>Porta objetos fabricado en poli\u00e9ster 300D bicolor. Cuenta con cierre y gancho pl\u00e1stico. Es ideal para llevar peque\u00f1os accesorios o efectivo.<br \/>\nTahg.<\/p>\n<p>Imagen Ilustrativa, no incluye elementos adicionales.<\/p>\n","protected":false},"excerpt":{"rendered":"<p>Porta objetos fabricado en poli\u00e9ster 300D bicolor. Cuenta con cierre y gancho pl\u00e1stico. Es ideal para llevar peque\u00f1os accesorios o<\/p>\n","protected":false},"featured_media":49051,"template":"","meta":[],"product_brand":[1891],"product_cat":[1757,1754,1780,1772],"product_tag":[],"class_list":{"0":"post-25395","1":"product","2":"type-product","3":"status-publish","4":"has-post-thumbnail","6":"product_brand-tahg","7":"product_cat-bolsos-y-mochilas","8":"product_cat-escritorio","9":"product_cat-proximos-arribos","10":"product_cat-viajes","11":"pa_variant-gris-gris-poliestileno","13":"first","14":"instock","15":"shipping-taxable","16":"purchasable","17":"product-type-variable"},"_links":{"self":[{"href":"https:\/\/www.tuvendes.com.ar\/demo\/wp-json\/wp\/v2\/product\/25395","targetHints":{"allow":["GET"]}}],"collection":[{"href":"https:\/\/www.tuvendes.com.ar\/demo\/wp-json\/wp\/v2\/product"}],"about":[{"href":"https:\/\/www.tuvendes.com.ar\/demo\/wp-json\/wp\/v2\/types\/product"}],"wp:featuredmedia":[{"embeddable":true,"href":"https:\/\/www.tuvendes.com.ar\/demo\/wp-json\/wp\/v2\/media\/49051"}],"wp:attachment":[{"href":"https:\/\/www.tuvendes.com.ar\/demo\/wp-json\/wp\/v2\/media?parent=25395"}],"wp:term":[{"taxonomy":"product_brand","embeddable":true,"href":"https:\/\/www.tuvendes.com.ar\/demo\/wp-json\/wp\/v2\/product_brand?post=25395"},{"taxonomy":"product_cat","embeddable":true,"href":"https:\/\/www.tuvendes.com.ar\/demo\/wp-json\/wp\/v2\/product_cat?post=25395"},{"taxonomy":"product_tag","embeddable":true,"href":"https:\/\/www.tuvendes.com.ar\/demo\/wp-json\/wp\/v2\/product_tag?post=25395"}],"curies":[{"name":"wp","href":"https:\/\/api.w.org\/{rel}","templated":true}]}}