{"id":2567,"date":"2024-11-15T18:10:31","date_gmt":"2024-11-15T18:10:31","guid":{"rendered":"https:\/\/www.tuvendes.com.ar\/demo\/producto\/campera-polar-volley\/"},"modified":"2026-05-06T21:08:00","modified_gmt":"2026-05-06T21:08:00","slug":"campera-polar-volley","status":"publish","type":"product","link":"https:\/\/www.tuvendes.com.ar\/demo\/producto\/campera-polar-volley\/","title":{"rendered":"Campera Polar Volley"},"content":{"rendered":"<p>Fabricada en polar de alta calidad, con tratamiento antipilling que mantiene por m\u00e1s tiempo el aspecto original de la prenda, evitando la formaci\u00f3n de imperfecciones. Cuenta con dos bolsillos laterales y cuello alzado que proporciona protecci\u00f3n y comodidad. Recomendaciones de uso para cuidar tu abrigo: Lavar a m\u00e1quina a 30\u00b0. No lavar en seco. No Blanquear. No planchar. No secar en m\u00e1quina. Slazenger.<\/p>\n","protected":false},"excerpt":{"rendered":"<p>Fabricada en polar de alta calidad, con tratamiento antipilling que mantiene por m\u00e1s tiempo el aspecto original de la prenda,<\/p>\n","protected":false},"featured_media":43138,"template":"","meta":[],"product_brand":[1894],"product_cat":[1766,1781],"product_tag":[],"class_list":{"0":"post-2567","1":"product","2":"type-product","3":"status-publish","4":"has-post-thumbnail","6":"product_brand-slazenger","7":"product_cat-apparel","8":"product_cat-apparel-abrigo","10":"first","11":"instock","12":"shipping-taxable","13":"purchasable","14":"product-type-variable"},"_links":{"self":[{"href":"https:\/\/www.tuvendes.com.ar\/demo\/wp-json\/wp\/v2\/product\/2567","targetHints":{"allow":["GET"]}}],"collection":[{"href":"https:\/\/www.tuvendes.com.ar\/demo\/wp-json\/wp\/v2\/product"}],"about":[{"href":"https:\/\/www.tuvendes.com.ar\/demo\/wp-json\/wp\/v2\/types\/product"}],"wp:featuredmedia":[{"embeddable":true,"href":"https:\/\/www.tuvendes.com.ar\/demo\/wp-json\/wp\/v2\/media\/43138"}],"wp:attachment":[{"href":"https:\/\/www.tuvendes.com.ar\/demo\/wp-json\/wp\/v2\/media?parent=2567"}],"wp:term":[{"taxonomy":"product_brand","embeddable":true,"href":"https:\/\/www.tuvendes.com.ar\/demo\/wp-json\/wp\/v2\/product_brand?post=2567"},{"taxonomy":"product_cat","embeddable":true,"href":"https:\/\/www.tuvendes.com.ar\/demo\/wp-json\/wp\/v2\/product_cat?post=2567"},{"taxonomy":"product_tag","embeddable":true,"href":"https:\/\/www.tuvendes.com.ar\/demo\/wp-json\/wp\/v2\/product_tag?post=2567"}],"curies":[{"name":"wp","href":"https:\/\/api.w.org\/{rel}","templated":true}]}}