{"id":26091,"date":"2025-05-20T16:40:39","date_gmt":"2025-05-20T16:40:39","guid":{"rendered":"https:\/\/www.tuvendes.com.ar\/demo\/producto\/boligrafo-eco-aluminio-rubber\/"},"modified":"2026-04-29T21:19:09","modified_gmt":"2026-04-29T21:19:09","slug":"boligrafo-eco-aluminio-rubber","status":"publish","type":"product","link":"https:\/\/www.tuvendes.com.ar\/demo\/producto\/boligrafo-eco-aluminio-rubber\/","title":{"rendered":"Bol\u00edgrafo Eco Aluminio Rubber"},"content":{"rendered":"<p>Retr\u00e1ctil, con cuerpo de aluminio 100% reciclado (rAL) y acabado soft-touch tipo engomado. Elegante, sustentable y c\u00f3modo para escribir. Tinta: Azul*El producto cuenta con \u00edcono rAL en dorso.<\/p>\n","protected":false},"excerpt":{"rendered":"<p>Retr\u00e1ctil, con cuerpo de aluminio 100% reciclado (rAL) y acabado soft-touch tipo engomado. Elegante, sustentable y c\u00f3modo para escribir. Tinta:<\/p>\n","protected":false},"featured_media":26092,"template":"","meta":[],"product_brand":[],"product_cat":[1843,1841,1761],"product_tag":[],"class_list":{"0":"post-26091","1":"product","2":"type-product","3":"status-publish","4":"has-post-thumbnail","6":"product_cat-boligrafos-metalicos","7":"product_cat-ecologicos","8":"product_cat-escritura","10":"first","11":"instock","12":"shipping-taxable","13":"purchasable","14":"product-type-variable"},"_links":{"self":[{"href":"https:\/\/www.tuvendes.com.ar\/demo\/wp-json\/wp\/v2\/product\/26091","targetHints":{"allow":["GET"]}}],"collection":[{"href":"https:\/\/www.tuvendes.com.ar\/demo\/wp-json\/wp\/v2\/product"}],"about":[{"href":"https:\/\/www.tuvendes.com.ar\/demo\/wp-json\/wp\/v2\/types\/product"}],"wp:featuredmedia":[{"embeddable":true,"href":"https:\/\/www.tuvendes.com.ar\/demo\/wp-json\/wp\/v2\/media\/26092"}],"wp:attachment":[{"href":"https:\/\/www.tuvendes.com.ar\/demo\/wp-json\/wp\/v2\/media?parent=26091"}],"wp:term":[{"taxonomy":"product_brand","embeddable":true,"href":"https:\/\/www.tuvendes.com.ar\/demo\/wp-json\/wp\/v2\/product_brand?post=26091"},{"taxonomy":"product_cat","embeddable":true,"href":"https:\/\/www.tuvendes.com.ar\/demo\/wp-json\/wp\/v2\/product_cat?post=26091"},{"taxonomy":"product_tag","embeddable":true,"href":"https:\/\/www.tuvendes.com.ar\/demo\/wp-json\/wp\/v2\/product_tag?post=26091"}],"curies":[{"name":"wp","href":"https:\/\/api.w.org\/{rel}","templated":true}]}}