{"id":28096,"date":"2025-05-20T20:42:15","date_gmt":"2025-05-20T20:42:15","guid":{"rendered":"https:\/\/www.tuvendes.com.ar\/demo\/?post_type=product&#038;p=28096"},"modified":"2025-08-13T00:50:32","modified_gmt":"2025-08-13T00:50:32","slug":"estacion-inalambrica-4-en-1","status":"publish","type":"product","link":"https:\/\/www.tuvendes.com.ar\/demo\/producto\/estacion-inalambrica-4-en-1\/","title":{"rendered":"Estaci\u00f3n Inal\u00e1mbrica 4 en 1"},"content":{"rendered":"<p><strong>Estaci\u00f3n de Carga Inal\u00e1mbrica 4 en 1 \u2013 Carga Segura y Funcionalidad Elegante<\/strong><\/p>\n<p>Simplifica tu rutina con la Estaci\u00f3n de Carga Inal\u00e1mbrica H32, dise\u00f1ada para cargar simult\u00e1neamente tus dispositivos favoritos, con un dise\u00f1o elegante y funcionalidades adicionales.<\/p>\n<p><strong>Informaci\u00f3n importante: <\/strong>La estaci\u00f3n de carga para relojes es compatible \u00fanicamente con relojes iWatch de Apple. El resto de la base es compatible con todos los modelos de dispositivos.<\/p>\n<p><strong>Caracter\u00edsticas destacadas:<\/strong><\/p>\n<p>Carga m\u00faltiple segura: Compatible con tel\u00e9fonos con carga inal\u00e1mbrica, auriculares e iWatch.<br \/>\nReloj integrado con iluminaci\u00f3n elegante: Display de hora que se puede encender y apagar con solo un bot\u00f3n.<br \/>\nLuz LED azul ambiental: \u00c1rea de carga para auriculares con iluminaci\u00f3n c\u00e1lida que tambi\u00e9n puedes controlar con un bot\u00f3n.<br \/>\nCarga r\u00e1pida y eficiente: Hasta 15W para tel\u00e9fonos, 3W para relojes y 3W para auriculares.<br \/>\nChip de control confiable: Garantiza rendimiento estable y seguro para una experiencia constante.<br \/>\nMaterial duradero: Construcci\u00f3n en ABS+PC, resistente al desgaste y raspaduras.<br \/>\nSeguridad avanzada: Protecci\u00f3n contra sobrecalentamiento, cortocircuitos y FOD (detecci\u00f3n de objetos extra\u00f1os).<br \/>\nPosiciones regulables: Adapta la carga a 4 configuraciones distintas, incluyendo opciones vertical y horizontal.<\/p>\n<p><strong>Especificaciones t\u00e9cnicas:<\/strong><\/p>\n<p>Interfaz: Tipo C, conexi\u00f3n universal y pr\u00e1ctica.<br \/>\nDimensiones: 159x147x16mm, dise\u00f1o compacto.<\/p>\n<p><strong>Incluye:<\/strong><br \/>\n1x Estaci\u00f3n de carga inal\u00e1mbrica H32<br \/>\n1x Cable de carga r\u00e1pida USB a USB-C de 1 metro<br \/>\n1x Manual en Espa\u00f1ol<br \/>\n1x Caja de paquete<\/p>\n<p>&nbsp;<\/p>\n","protected":false},"excerpt":{"rendered":"<p>Estaci\u00f3n de carga inal\u00e1mbrica 4 en 1 H32 con reloj integrado e iluminaci\u00f3n LED. Carga r\u00e1pida para celular, auriculares e iWatch, con dise\u00f1o compacto, seguro y elegante. Ideal para organizar tus dispositivos y optimizar tu espacio sin cables.<br \/>\nUn accesorio ideal para cargar y organizar tus dispositivos con estilo y comodidad sin cables.<\/p>\n","protected":false},"featured_media":30103,"template":"","meta":[],"product_brand":[],"product_cat":[1133],"product_tag":[],"class_list":{"0":"post-28096","1":"product","2":"type-product","3":"status-publish","4":"has-post-thumbnail","6":"product_cat-atlantic-trade","8":"first","9":"instock","10":"shipping-taxable","11":"purchasable","12":"product-type-simple"},"_links":{"self":[{"href":"https:\/\/www.tuvendes.com.ar\/demo\/wp-json\/wp\/v2\/product\/28096","targetHints":{"allow":["GET"]}}],"collection":[{"href":"https:\/\/www.tuvendes.com.ar\/demo\/wp-json\/wp\/v2\/product"}],"about":[{"href":"https:\/\/www.tuvendes.com.ar\/demo\/wp-json\/wp\/v2\/types\/product"}],"wp:featuredmedia":[{"embeddable":true,"href":"https:\/\/www.tuvendes.com.ar\/demo\/wp-json\/wp\/v2\/media\/30103"}],"wp:attachment":[{"href":"https:\/\/www.tuvendes.com.ar\/demo\/wp-json\/wp\/v2\/media?parent=28096"}],"wp:term":[{"taxonomy":"product_brand","embeddable":true,"href":"https:\/\/www.tuvendes.com.ar\/demo\/wp-json\/wp\/v2\/product_brand?post=28096"},{"taxonomy":"product_cat","embeddable":true,"href":"https:\/\/www.tuvendes.com.ar\/demo\/wp-json\/wp\/v2\/product_cat?post=28096"},{"taxonomy":"product_tag","embeddable":true,"href":"https:\/\/www.tuvendes.com.ar\/demo\/wp-json\/wp\/v2\/product_tag?post=28096"}],"curies":[{"name":"wp","href":"https:\/\/api.w.org\/{rel}","templated":true}]}}