{"id":2953,"date":"2024-11-15T18:13:16","date_gmt":"2024-11-15T18:13:16","guid":{"rendered":"https:\/\/www.tuvendes.com.ar\/demo\/producto\/buzo-goya\/"},"modified":"2026-04-20T19:23:08","modified_gmt":"2026-04-20T19:23:08","slug":"buzo-goya","status":"publish","type":"product","link":"https:\/\/www.tuvendes.com.ar\/demo\/producto\/buzo-goya\/","title":{"rendered":"Buzo Goya"},"content":{"rendered":"<p>Buzo de manga larga de frisa, con cuello alto con cierre y pu\u00f1o en ribb. Sus costuras est\u00e1n realizadas en el mismo tono de tela de base. Esta prenda est\u00e1 confeccionada en 70% algod\u00f3n &#8211; 30% poliester. Disponible en color negro y en color azul. <\/p>\n<p>Recomendaciones de uso para cuidar tu abrigo: Lavar a m\u00e1quina a 30\u00b0. No lavar en seco. No Blanquear. No planchar. No secar en m\u00e1quina. La prenda Puede encoger 5%. <\/p>\n<p>Pampero.<\/p>\n","protected":false},"excerpt":{"rendered":"<p>Buzo de manga larga de frisa, con cuello alto con cierre y pu\u00f1o en ribb. Sus costuras est\u00e1n realizadas en<\/p>\n","protected":false},"featured_media":41215,"template":"","meta":[],"product_brand":[1889],"product_cat":[1766,1781],"product_tag":[],"class_list":{"0":"post-2953","1":"product","2":"type-product","3":"status-publish","4":"has-post-thumbnail","6":"product_brand-pampero","7":"product_cat-apparel","8":"product_cat-apparel-abrigo","10":"first","11":"instock","12":"shipping-taxable","13":"purchasable","14":"product-type-variable"},"_links":{"self":[{"href":"https:\/\/www.tuvendes.com.ar\/demo\/wp-json\/wp\/v2\/product\/2953","targetHints":{"allow":["GET"]}}],"collection":[{"href":"https:\/\/www.tuvendes.com.ar\/demo\/wp-json\/wp\/v2\/product"}],"about":[{"href":"https:\/\/www.tuvendes.com.ar\/demo\/wp-json\/wp\/v2\/types\/product"}],"wp:featuredmedia":[{"embeddable":true,"href":"https:\/\/www.tuvendes.com.ar\/demo\/wp-json\/wp\/v2\/media\/41215"}],"wp:attachment":[{"href":"https:\/\/www.tuvendes.com.ar\/demo\/wp-json\/wp\/v2\/media?parent=2953"}],"wp:term":[{"taxonomy":"product_brand","embeddable":true,"href":"https:\/\/www.tuvendes.com.ar\/demo\/wp-json\/wp\/v2\/product_brand?post=2953"},{"taxonomy":"product_cat","embeddable":true,"href":"https:\/\/www.tuvendes.com.ar\/demo\/wp-json\/wp\/v2\/product_cat?post=2953"},{"taxonomy":"product_tag","embeddable":true,"href":"https:\/\/www.tuvendes.com.ar\/demo\/wp-json\/wp\/v2\/product_tag?post=2953"}],"curies":[{"name":"wp","href":"https:\/\/api.w.org\/{rel}","templated":true}]}}