{"id":29906,"date":"2025-05-26T19:08:05","date_gmt":"2025-05-26T19:08:05","guid":{"rendered":"https:\/\/www.tuvendes.com.ar\/demo\/producto\/rinonera-eco-urban\/"},"modified":"2026-04-17T20:12:19","modified_gmt":"2026-04-17T20:12:19","slug":"rinonera-eco-urban","status":"publish","type":"product","link":"https:\/\/www.tuvendes.com.ar\/demo\/producto\/rinonera-eco-urban\/","title":{"rendered":"Ri\u00f1onera Eco Urban"},"content":{"rendered":"<p>Fabricada en poli\u00e9ster reciclado 600D. Cuenta con 1 compartimento principal y 1 bolsillo frontal. Pr\u00e1ctica y sustentable, ideal para activaciones urbanas y giveaways funcionales. Tira de 80 cm de largo.<\/p>\n","protected":false},"excerpt":{"rendered":"<p>Fabricada en poli\u00e9ster reciclado 600D. Cuenta con 1 compartimento principal y 1 bolsillo frontal. Pr\u00e1ctica y sustentable, ideal para activaciones<\/p>\n","protected":false},"featured_media":29907,"template":"","meta":[],"product_brand":[],"product_cat":[1841,1825,1872],"product_tag":[],"class_list":{"0":"post-29906","1":"product","2":"type-product","3":"status-publish","4":"has-post-thumbnail","6":"product_cat-ecologicos","7":"product_cat-mochilas-bolsos","8":"product_cat-rinoneras","10":"first","11":"instock","12":"shipping-taxable","13":"purchasable","14":"product-type-variable"},"_links":{"self":[{"href":"https:\/\/www.tuvendes.com.ar\/demo\/wp-json\/wp\/v2\/product\/29906","targetHints":{"allow":["GET"]}}],"collection":[{"href":"https:\/\/www.tuvendes.com.ar\/demo\/wp-json\/wp\/v2\/product"}],"about":[{"href":"https:\/\/www.tuvendes.com.ar\/demo\/wp-json\/wp\/v2\/types\/product"}],"wp:featuredmedia":[{"embeddable":true,"href":"https:\/\/www.tuvendes.com.ar\/demo\/wp-json\/wp\/v2\/media\/29907"}],"wp:attachment":[{"href":"https:\/\/www.tuvendes.com.ar\/demo\/wp-json\/wp\/v2\/media?parent=29906"}],"wp:term":[{"taxonomy":"product_brand","embeddable":true,"href":"https:\/\/www.tuvendes.com.ar\/demo\/wp-json\/wp\/v2\/product_brand?post=29906"},{"taxonomy":"product_cat","embeddable":true,"href":"https:\/\/www.tuvendes.com.ar\/demo\/wp-json\/wp\/v2\/product_cat?post=29906"},{"taxonomy":"product_tag","embeddable":true,"href":"https:\/\/www.tuvendes.com.ar\/demo\/wp-json\/wp\/v2\/product_tag?post=29906"}],"curies":[{"name":"wp","href":"https:\/\/api.w.org\/{rel}","templated":true}]}}