{"id":30971,"date":"2025-06-25T15:22:51","date_gmt":"2025-06-25T15:22:51","guid":{"rendered":"https:\/\/www.tuvendes.com.ar\/demo\/producto\/toallon-cloud\/"},"modified":"2026-04-17T16:19:03","modified_gmt":"2026-04-17T16:19:03","slug":"toallon-cloud","status":"publish","type":"product","link":"https:\/\/www.tuvendes.com.ar\/demo\/producto\/toallon-cloud\/","title":{"rendered":"Toallon CLOUD"},"content":{"rendered":"<p>Toall\u00f3n de microfibra de secado r\u00e1pido  y m\u00e1xima absorci\u00f3n. Puntas redondeadas y el\u00e1stico combinado  para optimizar su guardado. Medida: 130 x 80 Cm. Tahg.<\/p>\n","protected":false},"excerpt":{"rendered":"<p>Toall\u00f3n de microfibra de secado r\u00e1pido y m\u00e1xima absorci\u00f3n. Puntas redondeadas y el\u00e1stico combinado para optimizar su guardado. Medida: 130<\/p>\n","protected":false},"featured_media":44168,"template":"","meta":[],"product_brand":[1891],"product_cat":[1748,1759],"product_tag":[],"class_list":{"0":"post-30971","1":"product","2":"type-product","3":"status-publish","4":"has-post-thumbnail","6":"product_brand-tahg","7":"product_cat-hogar-y-tiempo-libre","8":"product_cat-logo-24hs","9":"pa_variant-azul-azul-microfibra","10":"pa_variant-rojo-rojo-microfibra","12":"first","13":"instock","14":"shipping-taxable","15":"purchasable","16":"product-type-variable"},"_links":{"self":[{"href":"https:\/\/www.tuvendes.com.ar\/demo\/wp-json\/wp\/v2\/product\/30971","targetHints":{"allow":["GET"]}}],"collection":[{"href":"https:\/\/www.tuvendes.com.ar\/demo\/wp-json\/wp\/v2\/product"}],"about":[{"href":"https:\/\/www.tuvendes.com.ar\/demo\/wp-json\/wp\/v2\/types\/product"}],"wp:featuredmedia":[{"embeddable":true,"href":"https:\/\/www.tuvendes.com.ar\/demo\/wp-json\/wp\/v2\/media\/44168"}],"wp:attachment":[{"href":"https:\/\/www.tuvendes.com.ar\/demo\/wp-json\/wp\/v2\/media?parent=30971"}],"wp:term":[{"taxonomy":"product_brand","embeddable":true,"href":"https:\/\/www.tuvendes.com.ar\/demo\/wp-json\/wp\/v2\/product_brand?post=30971"},{"taxonomy":"product_cat","embeddable":true,"href":"https:\/\/www.tuvendes.com.ar\/demo\/wp-json\/wp\/v2\/product_cat?post=30971"},{"taxonomy":"product_tag","embeddable":true,"href":"https:\/\/www.tuvendes.com.ar\/demo\/wp-json\/wp\/v2\/product_tag?post=30971"}],"curies":[{"name":"wp","href":"https:\/\/api.w.org\/{rel}","templated":true}]}}